{"id":8045,"date":"2022-11-22T14:38:37","date_gmt":"2022-11-22T13:38:37","guid":{"rendered":"http:\/\/www.vs.poeggstall.at\/vs\/?page_id=8045"},"modified":"2022-11-22T14:41:33","modified_gmt":"2022-11-22T13:41:33","slug":"klassen-6-2","status":"publish","type":"page","link":"http:\/\/www.vs.poeggstall.at\/vs\/klassen-6-2\/","title":{"rendered":"2021_22 Klassen"},"content":{"rendered":"\n<div style=\"height:100px\" aria-hidden=\"true\" class=\"wp-block-spacer\"><\/div>\n\n\n\n<h1 class=\"has-text-align-center\">Klassen der VS P\u00f6ggstall<\/h1>\n\n\n\n<h2 class=\"has-text-align-center\">Klassen im Schuljahr 2021\/22<\/h2>\n\n\n\n<figure class=\"wp-block-gallery columns-1 is-cropped\"><ul class=\"blocks-gallery-grid\"><li class=\"blocks-gallery-item\"><figure><img loading=\"lazy\" width=\"1024\" height=\"739\" src=\"http:\/\/www.vs.poeggstall.at\/vs\/wp-content\/uploads\/2022\/11\/1a_VS-Poeggstall_21_22-1024x739.jpg\" alt=\"\" data-id=\"8047\" data-full-url=\"http:\/\/www.vs.poeggstall.at\/vs\/wp-content\/uploads\/2022\/11\/1a_VS-Poeggstall_21_22.jpg\" data-link=\"http:\/\/www.vs.poeggstall.at\/vs\/?attachment_id=8047\" class=\"wp-image-8047\" srcset=\"http:\/\/www.vs.poeggstall.at\/vs\/wp-content\/uploads\/2022\/11\/1a_VS-Poeggstall_21_22-1024x739.jpg 1024w, http:\/\/www.vs.poeggstall.at\/vs\/wp-content\/uploads\/2022\/11\/1a_VS-Poeggstall_21_22-300x217.jpg 300w, http:\/\/www.vs.poeggstall.at\/vs\/wp-content\/uploads\/2022\/11\/1a_VS-Poeggstall_21_22-768x555.jpg 768w, http:\/\/www.vs.poeggstall.at\/vs\/wp-content\/uploads\/2022\/11\/1a_VS-Poeggstall_21_22-1536x1109.jpg 1536w, http:\/\/www.vs.poeggstall.at\/vs\/wp-content\/uploads\/2022\/11\/1a_VS-Poeggstall_21_22-2048x1479.jpg 2048w\" sizes=\"(max-width: 1024px) 100vw, 1024px\" \/><\/figure><\/li><\/ul><figcaption class=\"blocks-gallery-caption\">1a &#8211; Klassenlehrerin VOL Alexandra B\u00f6hm<\/figcaption><\/figure>\n\n\n\n<hr class=\"wp-block-separator is-style-wide\"\/>\n\n\n\n<figure class=\"wp-block-gallery columns-1 is-cropped\"><ul class=\"blocks-gallery-grid\"><li class=\"blocks-gallery-item\"><figure><img loading=\"lazy\" width=\"1024\" height=\"739\" src=\"http:\/\/www.vs.poeggstall.at\/vs\/wp-content\/uploads\/2022\/11\/1b_VS-Poeggstall_21_22-1024x739.jpg\" alt=\"\" data-id=\"8049\" data-full-url=\"http:\/\/www.vs.poeggstall.at\/vs\/wp-content\/uploads\/2022\/11\/1b_VS-Poeggstall_21_22.jpg\" data-link=\"http:\/\/www.vs.poeggstall.at\/vs\/?attachment_id=8049\" class=\"wp-image-8049\" srcset=\"http:\/\/www.vs.poeggstall.at\/vs\/wp-content\/uploads\/2022\/11\/1b_VS-Poeggstall_21_22-1024x739.jpg 1024w, http:\/\/www.vs.poeggstall.at\/vs\/wp-content\/uploads\/2022\/11\/1b_VS-Poeggstall_21_22-300x217.jpg 300w, http:\/\/www.vs.poeggstall.at\/vs\/wp-content\/uploads\/2022\/11\/1b_VS-Poeggstall_21_22-768x555.jpg 768w, http:\/\/www.vs.poeggstall.at\/vs\/wp-content\/uploads\/2022\/11\/1b_VS-Poeggstall_21_22-1536x1109.jpg 1536w, http:\/\/www.vs.poeggstall.at\/vs\/wp-content\/uploads\/2022\/11\/1b_VS-Poeggstall_21_22-2048x1479.jpg 2048w\" sizes=\"(max-width: 1024px) 100vw, 1024px\" \/><\/figure><\/li><\/ul><figcaption class=\"blocks-gallery-caption\">1b &#8211; Klassenlehrerin Dipl. P\u00e4d. Petra Dallinger-R\u00f6ster<\/figcaption><\/figure>\n\n\n\n<hr class=\"wp-block-separator is-style-wide\"\/>\n\n\n\n<figure class=\"wp-block-gallery columns-1 is-cropped\"><ul class=\"blocks-gallery-grid\"><li class=\"blocks-gallery-item\"><figure><img loading=\"lazy\" width=\"1024\" height=\"739\" src=\"http:\/\/www.vs.poeggstall.at\/vs\/wp-content\/uploads\/2022\/11\/2a_VS-Poeggstall_21_22-1024x739.jpg\" alt=\"\" data-id=\"8051\" data-full-url=\"http:\/\/www.vs.poeggstall.at\/vs\/wp-content\/uploads\/2022\/11\/2a_VS-Poeggstall_21_22.jpg\" data-link=\"http:\/\/www.vs.poeggstall.at\/vs\/?attachment_id=8051\" class=\"wp-image-8051\" srcset=\"http:\/\/www.vs.poeggstall.at\/vs\/wp-content\/uploads\/2022\/11\/2a_VS-Poeggstall_21_22-1024x739.jpg 1024w, http:\/\/www.vs.poeggstall.at\/vs\/wp-content\/uploads\/2022\/11\/2a_VS-Poeggstall_21_22-300x217.jpg 300w, http:\/\/www.vs.poeggstall.at\/vs\/wp-content\/uploads\/2022\/11\/2a_VS-Poeggstall_21_22-768x555.jpg 768w, http:\/\/www.vs.poeggstall.at\/vs\/wp-content\/uploads\/2022\/11\/2a_VS-Poeggstall_21_22-1536x1109.jpg 1536w, http:\/\/www.vs.poeggstall.at\/vs\/wp-content\/uploads\/2022\/11\/2a_VS-Poeggstall_21_22-2048x1479.jpg 2048w\" sizes=\"(max-width: 1024px) 100vw, 1024px\" \/><\/figure><\/li><\/ul><figcaption class=\"blocks-gallery-caption\">2a &#8211; Klassenlehrerin Dipl. P\u00e4d. Maria Wurzer<\/figcaption><\/figure>\n\n\n\n<hr class=\"wp-block-separator is-style-wide\"\/>\n\n\n\n<figure class=\"wp-block-gallery columns-1 is-cropped\"><ul class=\"blocks-gallery-grid\"><li class=\"blocks-gallery-item\"><figure><img loading=\"lazy\" width=\"1024\" height=\"739\" src=\"http:\/\/www.vs.poeggstall.at\/vs\/wp-content\/uploads\/2022\/11\/3a_VS-Poeggstall_21_22-1024x739.jpg\" alt=\"\" data-id=\"8053\" data-full-url=\"http:\/\/www.vs.poeggstall.at\/vs\/wp-content\/uploads\/2022\/11\/3a_VS-Poeggstall_21_22.jpg\" data-link=\"http:\/\/www.vs.poeggstall.at\/vs\/?attachment_id=8053\" class=\"wp-image-8053\" srcset=\"http:\/\/www.vs.poeggstall.at\/vs\/wp-content\/uploads\/2022\/11\/3a_VS-Poeggstall_21_22-1024x739.jpg 1024w, http:\/\/www.vs.poeggstall.at\/vs\/wp-content\/uploads\/2022\/11\/3a_VS-Poeggstall_21_22-300x217.jpg 300w, http:\/\/www.vs.poeggstall.at\/vs\/wp-content\/uploads\/2022\/11\/3a_VS-Poeggstall_21_22-768x555.jpg 768w, http:\/\/www.vs.poeggstall.at\/vs\/wp-content\/uploads\/2022\/11\/3a_VS-Poeggstall_21_22-1536x1109.jpg 1536w, http:\/\/www.vs.poeggstall.at\/vs\/wp-content\/uploads\/2022\/11\/3a_VS-Poeggstall_21_22-2048x1479.jpg 2048w\" sizes=\"(max-width: 1024px) 100vw, 1024px\" \/><\/figure><\/li><\/ul><figcaption class=\"blocks-gallery-caption\">3a &#8211; Klassenlehrerin Dipl. P\u00e4d. Martina Fr\u00fchwirt<\/figcaption><\/figure>\n\n\n\n<hr class=\"wp-block-separator is-style-wide\"\/>\n\n\n\n<figure class=\"wp-block-gallery columns-1 is-cropped\"><ul class=\"blocks-gallery-grid\"><li class=\"blocks-gallery-item\"><figure><img loading=\"lazy\" width=\"1024\" height=\"739\" src=\"http:\/\/www.vs.poeggstall.at\/vs\/wp-content\/uploads\/2022\/11\/3b_VS-Poeggstall_21_22-1024x739.jpg\" alt=\"\" data-id=\"8055\" data-full-url=\"http:\/\/www.vs.poeggstall.at\/vs\/wp-content\/uploads\/2022\/11\/3b_VS-Poeggstall_21_22.jpg\" data-link=\"http:\/\/www.vs.poeggstall.at\/vs\/?attachment_id=8055\" class=\"wp-image-8055\" srcset=\"http:\/\/www.vs.poeggstall.at\/vs\/wp-content\/uploads\/2022\/11\/3b_VS-Poeggstall_21_22-1024x739.jpg 1024w, http:\/\/www.vs.poeggstall.at\/vs\/wp-content\/uploads\/2022\/11\/3b_VS-Poeggstall_21_22-300x217.jpg 300w, http:\/\/www.vs.poeggstall.at\/vs\/wp-content\/uploads\/2022\/11\/3b_VS-Poeggstall_21_22-768x555.jpg 768w, http:\/\/www.vs.poeggstall.at\/vs\/wp-content\/uploads\/2022\/11\/3b_VS-Poeggstall_21_22-1536x1109.jpg 1536w, http:\/\/www.vs.poeggstall.at\/vs\/wp-content\/uploads\/2022\/11\/3b_VS-Poeggstall_21_22-2048x1479.jpg 2048w\" sizes=\"(max-width: 1024px) 100vw, 1024px\" \/><\/figure><\/li><\/ul><figcaption class=\"blocks-gallery-caption\">3b &#8211; Klassenlehrerin Prof. Lisa F\u00fchrer, BEd. MEd.<\/figcaption><\/figure>\n\n\n\n<hr class=\"wp-block-separator is-style-wide\"\/>\n\n\n\n<figure class=\"wp-block-gallery columns-1 is-cropped\"><ul class=\"blocks-gallery-grid\"><li class=\"blocks-gallery-item\"><figure><img loading=\"lazy\" width=\"1024\" height=\"739\" src=\"http:\/\/www.vs.poeggstall.at\/vs\/wp-content\/uploads\/2022\/11\/4a_VS-Poeggstall_21_22-1024x739.jpg\" alt=\"\" data-id=\"8057\" data-full-url=\"http:\/\/www.vs.poeggstall.at\/vs\/wp-content\/uploads\/2022\/11\/4a_VS-Poeggstall_21_22.jpg\" data-link=\"http:\/\/www.vs.poeggstall.at\/vs\/?attachment_id=8057\" class=\"wp-image-8057\" srcset=\"http:\/\/www.vs.poeggstall.at\/vs\/wp-content\/uploads\/2022\/11\/4a_VS-Poeggstall_21_22-1024x739.jpg 1024w, http:\/\/www.vs.poeggstall.at\/vs\/wp-content\/uploads\/2022\/11\/4a_VS-Poeggstall_21_22-300x217.jpg 300w, http:\/\/www.vs.poeggstall.at\/vs\/wp-content\/uploads\/2022\/11\/4a_VS-Poeggstall_21_22-768x555.jpg 768w, http:\/\/www.vs.poeggstall.at\/vs\/wp-content\/uploads\/2022\/11\/4a_VS-Poeggstall_21_22-1536x1109.jpg 1536w, http:\/\/www.vs.poeggstall.at\/vs\/wp-content\/uploads\/2022\/11\/4a_VS-Poeggstall_21_22-2048x1479.jpg 2048w\" sizes=\"(max-width: 1024px) 100vw, 1024px\" \/><\/figure><\/li><\/ul><figcaption class=\"blocks-gallery-caption\">4a &#8211; Klassenlehrerin Prof. Bianca Gr\u00fcner, BEd. MEd.<\/figcaption><\/figure>\n\n\n\n<p><\/p>\n","protected":false},"excerpt":{"rendered":"<p>Klassen der VS P\u00f6ggstall Klassen im Schuljahr 2021\/22<\/p>\n","protected":false},"author":3,"featured_media":0,"parent":0,"menu_order":80,"comment_status":"closed","ping_status":"closed","template":"page-fullwidth.php","meta":[],"yoast_head":"<!-- This site is optimized with the Yoast SEO plugin v16.2 - https:\/\/yoast.com\/wordpress\/plugins\/seo\/ -->\n<title>Unsere Klassen mit Lehrpersonal - Volksschule P\u00f6ggstall<\/title>\n<meta name=\"description\" content=\"Ein \u00dcberblick unserer Sch\u00fcler und Sch\u00fclerinnen mit Lehrpersonal in den jeweiligen Schulklassen der Volksschule P\u00f6ggstall.\" \/>\n<meta name=\"robots\" content=\"index, follow, max-snippet:-1, max-image-preview:large, max-video-preview:-1\" \/>\n<link rel=\"canonical\" href=\"http:\/\/www.vs.poeggstall.at\/vs\/klassen-6-2\/\" \/>\n<meta property=\"og:locale\" content=\"de_DE\" \/>\n<meta property=\"og:type\" content=\"article\" \/>\n<meta property=\"og:title\" content=\"Unsere Klassen mit Lehrpersonal - Volksschule P\u00f6ggstall\" \/>\n<meta property=\"og:description\" content=\"Ein \u00dcberblick unserer Sch\u00fcler und Sch\u00fclerinnen mit Lehrpersonal in den jeweiligen Schulklassen der Volksschule P\u00f6ggstall.\" \/>\n<meta property=\"og:url\" content=\"http:\/\/www.vs.poeggstall.at\/vs\/klassen-6-2\/\" \/>\n<meta property=\"og:site_name\" content=\"Volksschule P\u00f6ggstall\" \/>\n<meta property=\"article:modified_time\" content=\"2022-11-22T13:41:33+00:00\" \/>\n<meta property=\"og:image\" content=\"http:\/\/www.vs.poeggstall.at\/vs\/wp-content\/uploads\/2022\/11\/1a_VS-Poeggstall_21_22-1024x739.jpg\" \/>\n<meta name=\"twitter:card\" content=\"summary\" \/>\n<meta name=\"twitter:label1\" content=\"Gesch\u00e4tzte Lesezeit\">\n\t<meta name=\"twitter:data1\" content=\"2\u00a0Minuten\">\n<script type=\"application\/ld+json\" class=\"yoast-schema-graph\">{\"@context\":\"https:\/\/schema.org\",\"@graph\":[{\"@type\":\"WebSite\",\"@id\":\"http:\/\/www.vs.poeggstall.at\/vs\/#website\",\"url\":\"http:\/\/www.vs.poeggstall.at\/vs\/\",\"name\":\"Volksschule P\\u00f6ggstall\",\"description\":\"zukunftsorientierte Volksschule im Waldviertel\",\"potentialAction\":[{\"@type\":\"SearchAction\",\"target\":\"http:\/\/www.vs.poeggstall.at\/vs\/?s={search_term_string}\",\"query-input\":\"required name=search_term_string\"}],\"inLanguage\":\"de\"},{\"@type\":\"ImageObject\",\"@id\":\"http:\/\/www.vs.poeggstall.at\/vs\/klassen-6-2\/#primaryimage\",\"inLanguage\":\"de\",\"url\":\"http:\/\/www.vs.poeggstall.at\/vs\/wp-content\/uploads\/2022\/11\/1a_VS-Poeggstall_21_22.jpg\",\"contentUrl\":\"http:\/\/www.vs.poeggstall.at\/vs\/wp-content\/uploads\/2022\/11\/1a_VS-Poeggstall_21_22.jpg\",\"width\":2339,\"height\":1689},{\"@type\":\"WebPage\",\"@id\":\"http:\/\/www.vs.poeggstall.at\/vs\/klassen-6-2\/#webpage\",\"url\":\"http:\/\/www.vs.poeggstall.at\/vs\/klassen-6-2\/\",\"name\":\"Unsere Klassen mit Lehrpersonal - Volksschule P\\u00f6ggstall\",\"isPartOf\":{\"@id\":\"http:\/\/www.vs.poeggstall.at\/vs\/#website\"},\"primaryImageOfPage\":{\"@id\":\"http:\/\/www.vs.poeggstall.at\/vs\/klassen-6-2\/#primaryimage\"},\"datePublished\":\"2022-11-22T13:38:37+00:00\",\"dateModified\":\"2022-11-22T13:41:33+00:00\",\"description\":\"Ein \\u00dcberblick unserer Sch\\u00fcler und Sch\\u00fclerinnen mit Lehrpersonal in den jeweiligen Schulklassen der Volksschule P\\u00f6ggstall.\",\"breadcrumb\":{\"@id\":\"http:\/\/www.vs.poeggstall.at\/vs\/klassen-6-2\/#breadcrumb\"},\"inLanguage\":\"de\",\"potentialAction\":[{\"@type\":\"ReadAction\",\"target\":[\"http:\/\/www.vs.poeggstall.at\/vs\/klassen-6-2\/\"]}]},{\"@type\":\"BreadcrumbList\",\"@id\":\"http:\/\/www.vs.poeggstall.at\/vs\/klassen-6-2\/#breadcrumb\",\"itemListElement\":[{\"@type\":\"ListItem\",\"position\":1,\"item\":{\"@type\":\"WebPage\",\"@id\":\"http:\/\/www.vs.poeggstall.at\/vs\/\",\"url\":\"http:\/\/www.vs.poeggstall.at\/vs\/\",\"name\":\"Startseite\"}},{\"@type\":\"ListItem\",\"position\":2,\"item\":{\"@id\":\"http:\/\/www.vs.poeggstall.at\/vs\/klassen-6-2\/#webpage\"}}]}]}<\/script>\n<!-- \/ Yoast SEO plugin. -->","_links":{"self":[{"href":"http:\/\/www.vs.poeggstall.at\/vs\/wp-json\/wp\/v2\/pages\/8045"}],"collection":[{"href":"http:\/\/www.vs.poeggstall.at\/vs\/wp-json\/wp\/v2\/pages"}],"about":[{"href":"http:\/\/www.vs.poeggstall.at\/vs\/wp-json\/wp\/v2\/types\/page"}],"author":[{"embeddable":true,"href":"http:\/\/www.vs.poeggstall.at\/vs\/wp-json\/wp\/v2\/users\/3"}],"replies":[{"embeddable":true,"href":"http:\/\/www.vs.poeggstall.at\/vs\/wp-json\/wp\/v2\/comments?post=8045"}],"version-history":[{"count":3,"href":"http:\/\/www.vs.poeggstall.at\/vs\/wp-json\/wp\/v2\/pages\/8045\/revisions"}],"predecessor-version":[{"id":9723,"href":"http:\/\/www.vs.poeggstall.at\/vs\/wp-json\/wp\/v2\/pages\/8045\/revisions\/9723"}],"wp:attachment":[{"href":"http:\/\/www.vs.poeggstall.at\/vs\/wp-json\/wp\/v2\/media?parent=8045"}],"curies":[{"name":"wp","href":"https:\/\/api.w.org\/{rel}","templated":true}]}}