{"id":8001,"date":"2022-11-18T13:21:38","date_gmt":"2022-11-18T12:21:38","guid":{"rendered":"http:\/\/www.vs.poeggstall.at\/vs\/?page_id=8001"},"modified":"2023-08-11T09:41:25","modified_gmt":"2023-08-11T07:41:25","slug":"klassen-5","status":"publish","type":"page","link":"http:\/\/www.vs.poeggstall.at\/vs\/klassen-5\/","title":{"rendered":"2022_2023 Klassen"},"content":{"rendered":"\n<h1 class=\"has-text-align-center\">Klassen der VS P\u00f6ggstall<\/h1>\n\n\n\n<h2 class=\"has-text-align-center\">Klassen im Schuljahr 2022_2023<\/h2>\n\n\n\n<figure class=\"wp-block-gallery columns-1 is-cropped\"><ul class=\"blocks-gallery-grid\"><li class=\"blocks-gallery-item\"><figure><a href=\"http:\/\/www.vs.poeggstall.at\/vs\/wp-content\/uploads\/2022\/11\/WhatsApp-Image-2022-11-17-at-20.31.13-1.jpeg\"><img loading=\"lazy\" width=\"1024\" height=\"739\" src=\"http:\/\/www.vs.poeggstall.at\/vs\/wp-content\/uploads\/2022\/11\/WhatsApp-Image-2022-11-17-at-20.31.13-1-1024x739.jpeg\" alt=\"\" data-id=\"8003\" data-full-url=\"http:\/\/www.vs.poeggstall.at\/vs\/wp-content\/uploads\/2022\/11\/WhatsApp-Image-2022-11-17-at-20.31.13-1.jpeg\" data-link=\"http:\/\/www.vs.poeggstall.at\/vs\/?attachment_id=8003\" class=\"wp-image-8003\" srcset=\"http:\/\/www.vs.poeggstall.at\/vs\/wp-content\/uploads\/2022\/11\/WhatsApp-Image-2022-11-17-at-20.31.13-1-1024x739.jpeg 1024w, http:\/\/www.vs.poeggstall.at\/vs\/wp-content\/uploads\/2022\/11\/WhatsApp-Image-2022-11-17-at-20.31.13-1-300x217.jpeg 300w, http:\/\/www.vs.poeggstall.at\/vs\/wp-content\/uploads\/2022\/11\/WhatsApp-Image-2022-11-17-at-20.31.13-1-768x554.jpeg 768w, http:\/\/www.vs.poeggstall.at\/vs\/wp-content\/uploads\/2022\/11\/WhatsApp-Image-2022-11-17-at-20.31.13-1-1536x1109.jpeg 1536w, http:\/\/www.vs.poeggstall.at\/vs\/wp-content\/uploads\/2022\/11\/WhatsApp-Image-2022-11-17-at-20.31.13-1.jpeg 1600w\" sizes=\"(max-width: 1024px) 100vw, 1024px\" \/><\/a><\/figure><\/li><\/ul><figcaption class=\"blocks-gallery-caption\">1a &#8211; Klassenlehrerin Prof. Bianca Gr\u00fcner, BEd. MEd.<\/figcaption><\/figure>\n\n\n\n<hr class=\"wp-block-separator is-style-wide\"\/>\n\n\n\n<figure class=\"wp-block-gallery columns-1 is-cropped\"><ul class=\"blocks-gallery-grid\"><li class=\"blocks-gallery-item\"><figure><a href=\"http:\/\/www.vs.poeggstall.at\/vs\/wp-content\/uploads\/2022\/11\/WhatsApp-Image-2022-11-17-at-20.30.31-2.jpeg\"><img loading=\"lazy\" width=\"1024\" height=\"739\" src=\"http:\/\/www.vs.poeggstall.at\/vs\/wp-content\/uploads\/2022\/11\/WhatsApp-Image-2022-11-17-at-20.30.31-2-1024x739.jpeg\" alt=\"\" data-id=\"8005\" data-full-url=\"http:\/\/www.vs.poeggstall.at\/vs\/wp-content\/uploads\/2022\/11\/WhatsApp-Image-2022-11-17-at-20.30.31-2.jpeg\" data-link=\"http:\/\/www.vs.poeggstall.at\/vs\/?attachment_id=8005\" class=\"wp-image-8005\" srcset=\"http:\/\/www.vs.poeggstall.at\/vs\/wp-content\/uploads\/2022\/11\/WhatsApp-Image-2022-11-17-at-20.30.31-2-1024x739.jpeg 1024w, http:\/\/www.vs.poeggstall.at\/vs\/wp-content\/uploads\/2022\/11\/WhatsApp-Image-2022-11-17-at-20.30.31-2-300x217.jpeg 300w, http:\/\/www.vs.poeggstall.at\/vs\/wp-content\/uploads\/2022\/11\/WhatsApp-Image-2022-11-17-at-20.30.31-2-768x554.jpeg 768w, http:\/\/www.vs.poeggstall.at\/vs\/wp-content\/uploads\/2022\/11\/WhatsApp-Image-2022-11-17-at-20.30.31-2-1536x1109.jpeg 1536w, http:\/\/www.vs.poeggstall.at\/vs\/wp-content\/uploads\/2022\/11\/WhatsApp-Image-2022-11-17-at-20.30.31-2.jpeg 1600w\" sizes=\"(max-width: 1024px) 100vw, 1024px\" \/><\/a><\/figure><\/li><\/ul><figcaption class=\"blocks-gallery-caption\">2a &#8211; Klassenlehrerin und Schulleiterin VOL Dipl. P\u00e4d. Alexandra B\u00f6hm<\/figcaption><\/figure>\n\n\n\n<hr class=\"wp-block-separator is-style-wide\"\/>\n\n\n\n<figure class=\"wp-block-gallery columns-1 is-cropped\"><ul class=\"blocks-gallery-grid\"><li class=\"blocks-gallery-item\"><figure><a href=\"http:\/\/www.vs.poeggstall.at\/vs\/wp-content\/uploads\/2022\/11\/WhatsApp-Image-2022-11-17-at-20.30.53-1.jpeg\"><img loading=\"lazy\" width=\"1024\" height=\"739\" src=\"http:\/\/www.vs.poeggstall.at\/vs\/wp-content\/uploads\/2022\/11\/WhatsApp-Image-2022-11-17-at-20.30.53-1-1024x739.jpeg\" alt=\"\" data-id=\"8007\" data-full-url=\"http:\/\/www.vs.poeggstall.at\/vs\/wp-content\/uploads\/2022\/11\/WhatsApp-Image-2022-11-17-at-20.30.53-1.jpeg\" data-link=\"http:\/\/www.vs.poeggstall.at\/vs\/?attachment_id=8007\" class=\"wp-image-8007\" srcset=\"http:\/\/www.vs.poeggstall.at\/vs\/wp-content\/uploads\/2022\/11\/WhatsApp-Image-2022-11-17-at-20.30.53-1-1024x739.jpeg 1024w, http:\/\/www.vs.poeggstall.at\/vs\/wp-content\/uploads\/2022\/11\/WhatsApp-Image-2022-11-17-at-20.30.53-1-300x217.jpeg 300w, http:\/\/www.vs.poeggstall.at\/vs\/wp-content\/uploads\/2022\/11\/WhatsApp-Image-2022-11-17-at-20.30.53-1-768x554.jpeg 768w, http:\/\/www.vs.poeggstall.at\/vs\/wp-content\/uploads\/2022\/11\/WhatsApp-Image-2022-11-17-at-20.30.53-1-1536x1109.jpeg 1536w, http:\/\/www.vs.poeggstall.at\/vs\/wp-content\/uploads\/2022\/11\/WhatsApp-Image-2022-11-17-at-20.30.53-1.jpeg 1600w\" sizes=\"(max-width: 1024px) 100vw, 1024px\" \/><\/a><\/figure><\/li><\/ul><figcaption class=\"blocks-gallery-caption\">2b &#8211; Klassenlehrerin Dipl. P\u00e4d. Petra Dallinger-R\u00f6ster<\/figcaption><\/figure>\n\n\n\n<hr class=\"wp-block-separator is-style-wide\"\/>\n\n\n\n<figure class=\"wp-block-gallery columns-1 is-cropped\"><ul class=\"blocks-gallery-grid\"><li class=\"blocks-gallery-item\"><figure><a href=\"http:\/\/www.vs.poeggstall.at\/vs\/wp-content\/uploads\/2022\/11\/WhatsApp-Image-2022-11-17-at-20.30.05-1.jpeg\"><img loading=\"lazy\" width=\"1024\" height=\"739\" src=\"http:\/\/www.vs.poeggstall.at\/vs\/wp-content\/uploads\/2022\/11\/WhatsApp-Image-2022-11-17-at-20.30.05-1-1024x739.jpeg\" alt=\"\" data-id=\"8009\" data-full-url=\"http:\/\/www.vs.poeggstall.at\/vs\/wp-content\/uploads\/2022\/11\/WhatsApp-Image-2022-11-17-at-20.30.05-1.jpeg\" data-link=\"http:\/\/www.vs.poeggstall.at\/vs\/?attachment_id=8009\" class=\"wp-image-8009\" srcset=\"http:\/\/www.vs.poeggstall.at\/vs\/wp-content\/uploads\/2022\/11\/WhatsApp-Image-2022-11-17-at-20.30.05-1-1024x739.jpeg 1024w, http:\/\/www.vs.poeggstall.at\/vs\/wp-content\/uploads\/2022\/11\/WhatsApp-Image-2022-11-17-at-20.30.05-1-300x217.jpeg 300w, http:\/\/www.vs.poeggstall.at\/vs\/wp-content\/uploads\/2022\/11\/WhatsApp-Image-2022-11-17-at-20.30.05-1-768x554.jpeg 768w, http:\/\/www.vs.poeggstall.at\/vs\/wp-content\/uploads\/2022\/11\/WhatsApp-Image-2022-11-17-at-20.30.05-1-1536x1109.jpeg 1536w, http:\/\/www.vs.poeggstall.at\/vs\/wp-content\/uploads\/2022\/11\/WhatsApp-Image-2022-11-17-at-20.30.05-1.jpeg 1600w\" sizes=\"(max-width: 1024px) 100vw, 1024px\" \/><\/a><\/figure><\/li><\/ul><figcaption class=\"blocks-gallery-caption\">3a &#8211; Klassenlehrerin und Leiter Stellvertreterin Dipl. P\u00e4d. Maria Wurzer<\/figcaption><\/figure>\n\n\n\n<hr class=\"wp-block-separator is-style-wide\"\/>\n\n\n\n<figure class=\"wp-block-gallery columns-1 is-cropped\"><ul class=\"blocks-gallery-grid\"><li class=\"blocks-gallery-item\"><figure><a href=\"http:\/\/www.vs.poeggstall.at\/vs\/wp-content\/uploads\/2022\/11\/WhatsApp-Image-2022-11-17-at-20.31.35-1.jpeg\"><img loading=\"lazy\" width=\"1024\" height=\"739\" src=\"http:\/\/www.vs.poeggstall.at\/vs\/wp-content\/uploads\/2022\/11\/WhatsApp-Image-2022-11-17-at-20.31.35-1-1024x739.jpeg\" alt=\"\" data-id=\"8011\" data-full-url=\"http:\/\/www.vs.poeggstall.at\/vs\/wp-content\/uploads\/2022\/11\/WhatsApp-Image-2022-11-17-at-20.31.35-1.jpeg\" data-link=\"http:\/\/www.vs.poeggstall.at\/vs\/?attachment_id=8011\" class=\"wp-image-8011\" srcset=\"http:\/\/www.vs.poeggstall.at\/vs\/wp-content\/uploads\/2022\/11\/WhatsApp-Image-2022-11-17-at-20.31.35-1-1024x739.jpeg 1024w, http:\/\/www.vs.poeggstall.at\/vs\/wp-content\/uploads\/2022\/11\/WhatsApp-Image-2022-11-17-at-20.31.35-1-300x217.jpeg 300w, http:\/\/www.vs.poeggstall.at\/vs\/wp-content\/uploads\/2022\/11\/WhatsApp-Image-2022-11-17-at-20.31.35-1-768x554.jpeg 768w, http:\/\/www.vs.poeggstall.at\/vs\/wp-content\/uploads\/2022\/11\/WhatsApp-Image-2022-11-17-at-20.31.35-1-1536x1109.jpeg 1536w, http:\/\/www.vs.poeggstall.at\/vs\/wp-content\/uploads\/2022\/11\/WhatsApp-Image-2022-11-17-at-20.31.35-1.jpeg 1600w\" sizes=\"(max-width: 1024px) 100vw, 1024px\" \/><\/a><\/figure><\/li><\/ul><figcaption class=\"blocks-gallery-caption\">4a &#8211; Klassenlehrerin Dipl. P\u00e4d. Martina Fr\u00fchwirt<\/figcaption><\/figure>\n\n\n\n<hr class=\"wp-block-separator is-style-wide\"\/>\n\n\n\n<p><\/p>\n","protected":false},"excerpt":{"rendered":"<p>Klassen der VS P\u00f6ggstall Klassen im Schuljahr 2022_2023<\/p>\n","protected":false},"author":3,"featured_media":0,"parent":0,"menu_order":80,"comment_status":"closed","ping_status":"closed","template":"page-fullwidth.php","meta":[],"yoast_head":"<!-- This site is optimized with the Yoast SEO plugin v16.2 - https:\/\/yoast.com\/wordpress\/plugins\/seo\/ -->\n<title>Unsere Klassen mit Lehrpersonal - Volksschule P\u00f6ggstall<\/title>\n<meta name=\"description\" content=\"Ein \u00dcberblick unserer Sch\u00fcler und Sch\u00fclerinnen mit Lehrpersonal in den jeweiligen Schulklassen der Volksschule P\u00f6ggstall.\" \/>\n<meta name=\"robots\" content=\"index, follow, max-snippet:-1, max-image-preview:large, max-video-preview:-1\" \/>\n<link rel=\"canonical\" href=\"http:\/\/www.vs.poeggstall.at\/vs\/klassen-5\/\" \/>\n<meta property=\"og:locale\" content=\"de_DE\" \/>\n<meta property=\"og:type\" content=\"article\" \/>\n<meta property=\"og:title\" content=\"Unsere Klassen mit Lehrpersonal - Volksschule P\u00f6ggstall\" \/>\n<meta property=\"og:description\" content=\"Ein \u00dcberblick unserer Sch\u00fcler und Sch\u00fclerinnen mit Lehrpersonal in den jeweiligen Schulklassen der Volksschule P\u00f6ggstall.\" \/>\n<meta property=\"og:url\" content=\"http:\/\/www.vs.poeggstall.at\/vs\/klassen-5\/\" \/>\n<meta property=\"og:site_name\" content=\"Volksschule P\u00f6ggstall\" \/>\n<meta property=\"article:modified_time\" content=\"2023-08-11T07:41:25+00:00\" \/>\n<meta property=\"og:image\" content=\"http:\/\/www.vs.poeggstall.at\/vs\/wp-content\/uploads\/2022\/11\/WhatsApp-Image-2022-11-17-at-20.31.13-1-1024x739.jpeg\" \/>\n<meta name=\"twitter:card\" content=\"summary\" \/>\n<meta name=\"twitter:label1\" content=\"Gesch\u00e4tzte Lesezeit\">\n\t<meta name=\"twitter:data1\" content=\"2\u00a0Minuten\">\n<script type=\"application\/ld+json\" class=\"yoast-schema-graph\">{\"@context\":\"https:\/\/schema.org\",\"@graph\":[{\"@type\":\"WebSite\",\"@id\":\"http:\/\/www.vs.poeggstall.at\/vs\/#website\",\"url\":\"http:\/\/www.vs.poeggstall.at\/vs\/\",\"name\":\"Volksschule P\\u00f6ggstall\",\"description\":\"zukunftsorientierte Volksschule im Waldviertel\",\"potentialAction\":[{\"@type\":\"SearchAction\",\"target\":\"http:\/\/www.vs.poeggstall.at\/vs\/?s={search_term_string}\",\"query-input\":\"required name=search_term_string\"}],\"inLanguage\":\"de\"},{\"@type\":\"ImageObject\",\"@id\":\"http:\/\/www.vs.poeggstall.at\/vs\/klassen-5\/#primaryimage\",\"inLanguage\":\"de\",\"url\":\"http:\/\/www.vs.poeggstall.at\/vs\/wp-content\/uploads\/2022\/11\/WhatsApp-Image-2022-11-17-at-20.31.13-1.jpeg\",\"contentUrl\":\"http:\/\/www.vs.poeggstall.at\/vs\/wp-content\/uploads\/2022\/11\/WhatsApp-Image-2022-11-17-at-20.31.13-1.jpeg\",\"width\":1600,\"height\":1155},{\"@type\":\"WebPage\",\"@id\":\"http:\/\/www.vs.poeggstall.at\/vs\/klassen-5\/#webpage\",\"url\":\"http:\/\/www.vs.poeggstall.at\/vs\/klassen-5\/\",\"name\":\"Unsere Klassen mit Lehrpersonal - Volksschule P\\u00f6ggstall\",\"isPartOf\":{\"@id\":\"http:\/\/www.vs.poeggstall.at\/vs\/#website\"},\"primaryImageOfPage\":{\"@id\":\"http:\/\/www.vs.poeggstall.at\/vs\/klassen-5\/#primaryimage\"},\"datePublished\":\"2022-11-18T12:21:38+00:00\",\"dateModified\":\"2023-08-11T07:41:25+00:00\",\"description\":\"Ein \\u00dcberblick unserer Sch\\u00fcler und Sch\\u00fclerinnen mit Lehrpersonal in den jeweiligen Schulklassen der Volksschule P\\u00f6ggstall.\",\"breadcrumb\":{\"@id\":\"http:\/\/www.vs.poeggstall.at\/vs\/klassen-5\/#breadcrumb\"},\"inLanguage\":\"de\",\"potentialAction\":[{\"@type\":\"ReadAction\",\"target\":[\"http:\/\/www.vs.poeggstall.at\/vs\/klassen-5\/\"]}]},{\"@type\":\"BreadcrumbList\",\"@id\":\"http:\/\/www.vs.poeggstall.at\/vs\/klassen-5\/#breadcrumb\",\"itemListElement\":[{\"@type\":\"ListItem\",\"position\":1,\"item\":{\"@type\":\"WebPage\",\"@id\":\"http:\/\/www.vs.poeggstall.at\/vs\/\",\"url\":\"http:\/\/www.vs.poeggstall.at\/vs\/\",\"name\":\"Startseite\"}},{\"@type\":\"ListItem\",\"position\":2,\"item\":{\"@id\":\"http:\/\/www.vs.poeggstall.at\/vs\/klassen-5\/#webpage\"}}]}]}<\/script>\n<!-- \/ Yoast SEO plugin. -->","_links":{"self":[{"href":"http:\/\/www.vs.poeggstall.at\/vs\/wp-json\/wp\/v2\/pages\/8001"}],"collection":[{"href":"http:\/\/www.vs.poeggstall.at\/vs\/wp-json\/wp\/v2\/pages"}],"about":[{"href":"http:\/\/www.vs.poeggstall.at\/vs\/wp-json\/wp\/v2\/types\/page"}],"author":[{"embeddable":true,"href":"http:\/\/www.vs.poeggstall.at\/vs\/wp-json\/wp\/v2\/users\/3"}],"replies":[{"embeddable":true,"href":"http:\/\/www.vs.poeggstall.at\/vs\/wp-json\/wp\/v2\/comments?post=8001"}],"version-history":[{"count":4,"href":"http:\/\/www.vs.poeggstall.at\/vs\/wp-json\/wp\/v2\/pages\/8001\/revisions"}],"predecessor-version":[{"id":9933,"href":"http:\/\/www.vs.poeggstall.at\/vs\/wp-json\/wp\/v2\/pages\/8001\/revisions\/9933"}],"wp:attachment":[{"href":"http:\/\/www.vs.poeggstall.at\/vs\/wp-json\/wp\/v2\/media?parent=8001"}],"curies":[{"name":"wp","href":"https:\/\/api.w.org\/{rel}","templated":true}]}}