{"id":7973,"date":"2022-11-18T13:05:38","date_gmt":"2022-11-18T12:05:38","guid":{"rendered":"http:\/\/www.vs.poeggstall.at\/vs\/?page_id=7973"},"modified":"2022-11-18T13:05:49","modified_gmt":"2022-11-18T12:05:49","slug":"klassen-4","status":"publish","type":"page","link":"http:\/\/www.vs.poeggstall.at\/vs\/klassen-4\/","title":{"rendered":"2018_19 Klassen"},"content":{"rendered":"\n<div style=\"height:100px\" aria-hidden=\"true\" class=\"wp-block-spacer\"><\/div>\n\n\n\n<h1 class=\"has-text-align-center\">Klassen der VS P\u00f6ggstall<\/h1>\n\n\n\n<h2 class=\"has-text-align-center\">Klassen im Schuljahr 2018\/19<\/h2>\n\n\n\n<figure class=\"wp-block-gallery columns-1 is-cropped\"><ul class=\"blocks-gallery-grid\"><li class=\"blocks-gallery-item\"><figure><img loading=\"lazy\" width=\"2339\" height=\"1689\" src=\"http:\/\/www.vs.poeggstall.at\/vs\/wp-content\/uploads\/2017\/04\/Foto-Gerald-Riedler-9444-2.jpg\" alt=\"\" data-id=\"3457\" class=\"wp-image-3457\" srcset=\"http:\/\/www.vs.poeggstall.at\/vs\/wp-content\/uploads\/2017\/04\/Foto-Gerald-Riedler-9444-2.jpg 2339w, http:\/\/www.vs.poeggstall.at\/vs\/wp-content\/uploads\/2017\/04\/Foto-Gerald-Riedler-9444-2-300x217.jpg 300w, http:\/\/www.vs.poeggstall.at\/vs\/wp-content\/uploads\/2017\/04\/Foto-Gerald-Riedler-9444-2-768x555.jpg 768w, http:\/\/www.vs.poeggstall.at\/vs\/wp-content\/uploads\/2017\/04\/Foto-Gerald-Riedler-9444-2-1024x739.jpg 1024w\" sizes=\"(max-width: 2339px) 100vw, 2339px\" \/><\/figure><\/li><\/ul><\/figure>\n\n\n\n<p class=\"has-text-align-center\">1a Klasse<\/p>\n\n\n\n<hr class=\"wp-block-separator has-text-color has-background has-black-background-color has-black-color is-style-wide\"\/>\n\n\n\n<figure class=\"wp-block-gallery columns-1 is-cropped\"><ul class=\"blocks-gallery-grid\"><li class=\"blocks-gallery-item\"><figure><img loading=\"lazy\" width=\"2339\" height=\"1689\" src=\"http:\/\/www.vs.poeggstall.at\/vs\/wp-content\/uploads\/2017\/04\/Foto-Gerald-Riedler-9900.jpg\" alt=\"\" data-id=\"3455\" class=\"wp-image-3455\" srcset=\"http:\/\/www.vs.poeggstall.at\/vs\/wp-content\/uploads\/2017\/04\/Foto-Gerald-Riedler-9900.jpg 2339w, http:\/\/www.vs.poeggstall.at\/vs\/wp-content\/uploads\/2017\/04\/Foto-Gerald-Riedler-9900-300x217.jpg 300w, http:\/\/www.vs.poeggstall.at\/vs\/wp-content\/uploads\/2017\/04\/Foto-Gerald-Riedler-9900-768x555.jpg 768w, http:\/\/www.vs.poeggstall.at\/vs\/wp-content\/uploads\/2017\/04\/Foto-Gerald-Riedler-9900-1024x739.jpg 1024w\" sizes=\"(max-width: 2339px) 100vw, 2339px\" \/><\/figure><\/li><\/ul><\/figure>\n\n\n\n<p class=\"has-text-align-center\">2a Klasse<\/p>\n\n\n\n<hr class=\"wp-block-separator has-text-color has-background has-black-background-color has-black-color is-style-wide\"\/>\n\n\n\n<figure class=\"wp-block-gallery columns-1 is-cropped\"><ul class=\"blocks-gallery-grid\"><li class=\"blocks-gallery-item\"><figure><img loading=\"lazy\" width=\"2339\" height=\"1689\" src=\"http:\/\/www.vs.poeggstall.at\/vs\/wp-content\/uploads\/2017\/04\/Foto-Gerald-Riedler-9486.jpg\" alt=\"\" data-id=\"3459\" class=\"wp-image-3459\" srcset=\"http:\/\/www.vs.poeggstall.at\/vs\/wp-content\/uploads\/2017\/04\/Foto-Gerald-Riedler-9486.jpg 2339w, http:\/\/www.vs.poeggstall.at\/vs\/wp-content\/uploads\/2017\/04\/Foto-Gerald-Riedler-9486-300x217.jpg 300w, http:\/\/www.vs.poeggstall.at\/vs\/wp-content\/uploads\/2017\/04\/Foto-Gerald-Riedler-9486-768x555.jpg 768w, http:\/\/www.vs.poeggstall.at\/vs\/wp-content\/uploads\/2017\/04\/Foto-Gerald-Riedler-9486-1024x739.jpg 1024w\" sizes=\"(max-width: 2339px) 100vw, 2339px\" \/><\/figure><\/li><\/ul><\/figure>\n\n\n\n<p class=\"has-text-align-center\">3a Klasse<\/p>\n\n\n\n<hr class=\"wp-block-separator has-text-color has-background has-black-background-color has-black-color is-style-wide\"\/>\n\n\n\n<figure class=\"wp-block-gallery columns-1 is-cropped\"><ul class=\"blocks-gallery-grid\"><li class=\"blocks-gallery-item\"><figure><img loading=\"lazy\" width=\"2339\" height=\"1689\" src=\"http:\/\/www.vs.poeggstall.at\/vs\/wp-content\/uploads\/2017\/04\/Foto-Gerald-Riedler-9505.jpg\" alt=\"\" data-id=\"3461\" class=\"wp-image-3461\" srcset=\"http:\/\/www.vs.poeggstall.at\/vs\/wp-content\/uploads\/2017\/04\/Foto-Gerald-Riedler-9505.jpg 2339w, http:\/\/www.vs.poeggstall.at\/vs\/wp-content\/uploads\/2017\/04\/Foto-Gerald-Riedler-9505-300x217.jpg 300w, http:\/\/www.vs.poeggstall.at\/vs\/wp-content\/uploads\/2017\/04\/Foto-Gerald-Riedler-9505-768x555.jpg 768w, http:\/\/www.vs.poeggstall.at\/vs\/wp-content\/uploads\/2017\/04\/Foto-Gerald-Riedler-9505-1024x739.jpg 1024w\" sizes=\"(max-width: 2339px) 100vw, 2339px\" \/><\/figure><\/li><\/ul><\/figure>\n\n\n\n<p class=\"has-text-align-center\">3b Klasse<\/p>\n\n\n\n<hr class=\"wp-block-separator has-text-color has-background has-black-background-color has-black-color is-style-wide\"\/>\n\n\n\n<figure class=\"wp-block-gallery columns-1 is-cropped\"><ul class=\"blocks-gallery-grid\"><li class=\"blocks-gallery-item\"><figure><img loading=\"lazy\" width=\"2339\" height=\"1689\" src=\"http:\/\/www.vs.poeggstall.at\/vs\/wp-content\/uploads\/2017\/04\/Foto-Gerald-Riedler-9881.jpg\" alt=\"\" data-id=\"3463\" class=\"wp-image-3463\" srcset=\"http:\/\/www.vs.poeggstall.at\/vs\/wp-content\/uploads\/2017\/04\/Foto-Gerald-Riedler-9881.jpg 2339w, http:\/\/www.vs.poeggstall.at\/vs\/wp-content\/uploads\/2017\/04\/Foto-Gerald-Riedler-9881-300x217.jpg 300w, http:\/\/www.vs.poeggstall.at\/vs\/wp-content\/uploads\/2017\/04\/Foto-Gerald-Riedler-9881-768x555.jpg 768w, http:\/\/www.vs.poeggstall.at\/vs\/wp-content\/uploads\/2017\/04\/Foto-Gerald-Riedler-9881-1024x739.jpg 1024w\" sizes=\"(max-width: 2339px) 100vw, 2339px\" \/><\/figure><\/li><\/ul><\/figure>\n\n\n\n<p class=\"has-text-align-center\">4a Klasse<\/p>\n\n\n\n<hr class=\"wp-block-separator has-text-color has-background has-black-background-color has-black-color is-style-wide\"\/>\n\n\n\n<figure class=\"wp-block-gallery columns-1 is-cropped\"><ul class=\"blocks-gallery-grid\"><li class=\"blocks-gallery-item\"><figure><img loading=\"lazy\" width=\"2339\" height=\"1689\" src=\"http:\/\/www.vs.poeggstall.at\/vs\/wp-content\/uploads\/2017\/04\/Foto-Gerald-Riedler-9552.jpg\" alt=\"\" data-id=\"3465\" class=\"wp-image-3465\" srcset=\"http:\/\/www.vs.poeggstall.at\/vs\/wp-content\/uploads\/2017\/04\/Foto-Gerald-Riedler-9552.jpg 2339w, http:\/\/www.vs.poeggstall.at\/vs\/wp-content\/uploads\/2017\/04\/Foto-Gerald-Riedler-9552-300x217.jpg 300w, http:\/\/www.vs.poeggstall.at\/vs\/wp-content\/uploads\/2017\/04\/Foto-Gerald-Riedler-9552-768x555.jpg 768w, http:\/\/www.vs.poeggstall.at\/vs\/wp-content\/uploads\/2017\/04\/Foto-Gerald-Riedler-9552-1024x739.jpg 1024w\" sizes=\"(max-width: 2339px) 100vw, 2339px\" \/><\/figure><\/li><\/ul><\/figure>\n\n\n\n<p class=\"has-text-align-center\">4b Klasse<\/p>\n","protected":false},"excerpt":{"rendered":"<p>Klassen der VS P\u00f6ggstall Klassen im Schuljahr 2018\/19 1a Klasse 2a Klasse 3a Klasse 3b Klasse 4a Klasse 4b Klasse<\/p>\n","protected":false},"author":3,"featured_media":0,"parent":0,"menu_order":80,"comment_status":"closed","ping_status":"closed","template":"page-fullwidth.php","meta":[],"yoast_head":"<!-- This site is optimized with the Yoast SEO plugin v16.2 - https:\/\/yoast.com\/wordpress\/plugins\/seo\/ -->\n<title>Unsere Klassen mit Lehrpersonal - Volksschule P\u00f6ggstall<\/title>\n<meta name=\"description\" content=\"Ein \u00dcberblick unserer Sch\u00fcler und Sch\u00fclerinnen mit Lehrpersonal in den jeweiligen Schulklassen der Volksschule P\u00f6ggstall.\" \/>\n<meta name=\"robots\" content=\"index, follow, max-snippet:-1, max-image-preview:large, max-video-preview:-1\" \/>\n<link rel=\"canonical\" href=\"http:\/\/www.vs.poeggstall.at\/vs\/klassen-4\/\" \/>\n<meta property=\"og:locale\" content=\"de_DE\" \/>\n<meta property=\"og:type\" content=\"article\" \/>\n<meta property=\"og:title\" content=\"Unsere Klassen mit Lehrpersonal - Volksschule P\u00f6ggstall\" \/>\n<meta property=\"og:description\" content=\"Ein \u00dcberblick unserer Sch\u00fcler und Sch\u00fclerinnen mit Lehrpersonal in den jeweiligen Schulklassen der Volksschule P\u00f6ggstall.\" \/>\n<meta property=\"og:url\" content=\"http:\/\/www.vs.poeggstall.at\/vs\/klassen-4\/\" \/>\n<meta property=\"og:site_name\" content=\"Volksschule P\u00f6ggstall\" \/>\n<meta property=\"article:modified_time\" content=\"2022-11-18T12:05:49+00:00\" \/>\n<meta property=\"og:image\" content=\"http:\/\/www.vs.poeggstall.at\/vs\/wp-content\/uploads\/2017\/04\/Foto-Gerald-Riedler-9444-2.jpg\" \/>\n<meta name=\"twitter:card\" content=\"summary\" \/>\n<meta name=\"twitter:label1\" content=\"Gesch\u00e4tzte Lesezeit\">\n\t<meta name=\"twitter:data1\" content=\"2\u00a0Minuten\">\n<script type=\"application\/ld+json\" class=\"yoast-schema-graph\">{\"@context\":\"https:\/\/schema.org\",\"@graph\":[{\"@type\":\"WebSite\",\"@id\":\"http:\/\/www.vs.poeggstall.at\/vs\/#website\",\"url\":\"http:\/\/www.vs.poeggstall.at\/vs\/\",\"name\":\"Volksschule P\\u00f6ggstall\",\"description\":\"zukunftsorientierte Volksschule im Waldviertel\",\"potentialAction\":[{\"@type\":\"SearchAction\",\"target\":\"http:\/\/www.vs.poeggstall.at\/vs\/?s={search_term_string}\",\"query-input\":\"required name=search_term_string\"}],\"inLanguage\":\"de\"},{\"@type\":\"ImageObject\",\"@id\":\"http:\/\/www.vs.poeggstall.at\/vs\/klassen-4\/#primaryimage\",\"inLanguage\":\"de\",\"url\":\"http:\/\/www.vs.poeggstall.at\/vs\/wp-content\/uploads\/2017\/04\/Foto-Gerald-Riedler-9444-2.jpg\",\"contentUrl\":\"http:\/\/www.vs.poeggstall.at\/vs\/wp-content\/uploads\/2017\/04\/Foto-Gerald-Riedler-9444-2.jpg\",\"width\":2339,\"height\":1689},{\"@type\":\"WebPage\",\"@id\":\"http:\/\/www.vs.poeggstall.at\/vs\/klassen-4\/#webpage\",\"url\":\"http:\/\/www.vs.poeggstall.at\/vs\/klassen-4\/\",\"name\":\"Unsere Klassen mit Lehrpersonal - Volksschule P\\u00f6ggstall\",\"isPartOf\":{\"@id\":\"http:\/\/www.vs.poeggstall.at\/vs\/#website\"},\"primaryImageOfPage\":{\"@id\":\"http:\/\/www.vs.poeggstall.at\/vs\/klassen-4\/#primaryimage\"},\"datePublished\":\"2022-11-18T12:05:38+00:00\",\"dateModified\":\"2022-11-18T12:05:49+00:00\",\"description\":\"Ein \\u00dcberblick unserer Sch\\u00fcler und Sch\\u00fclerinnen mit Lehrpersonal in den jeweiligen Schulklassen der Volksschule P\\u00f6ggstall.\",\"breadcrumb\":{\"@id\":\"http:\/\/www.vs.poeggstall.at\/vs\/klassen-4\/#breadcrumb\"},\"inLanguage\":\"de\",\"potentialAction\":[{\"@type\":\"ReadAction\",\"target\":[\"http:\/\/www.vs.poeggstall.at\/vs\/klassen-4\/\"]}]},{\"@type\":\"BreadcrumbList\",\"@id\":\"http:\/\/www.vs.poeggstall.at\/vs\/klassen-4\/#breadcrumb\",\"itemListElement\":[{\"@type\":\"ListItem\",\"position\":1,\"item\":{\"@type\":\"WebPage\",\"@id\":\"http:\/\/www.vs.poeggstall.at\/vs\/\",\"url\":\"http:\/\/www.vs.poeggstall.at\/vs\/\",\"name\":\"Startseite\"}},{\"@type\":\"ListItem\",\"position\":2,\"item\":{\"@id\":\"http:\/\/www.vs.poeggstall.at\/vs\/klassen-4\/#webpage\"}}]}]}<\/script>\n<!-- \/ Yoast SEO plugin. -->","_links":{"self":[{"href":"http:\/\/www.vs.poeggstall.at\/vs\/wp-json\/wp\/v2\/pages\/7973"}],"collection":[{"href":"http:\/\/www.vs.poeggstall.at\/vs\/wp-json\/wp\/v2\/pages"}],"about":[{"href":"http:\/\/www.vs.poeggstall.at\/vs\/wp-json\/wp\/v2\/types\/page"}],"author":[{"embeddable":true,"href":"http:\/\/www.vs.poeggstall.at\/vs\/wp-json\/wp\/v2\/users\/3"}],"replies":[{"embeddable":true,"href":"http:\/\/www.vs.poeggstall.at\/vs\/wp-json\/wp\/v2\/comments?post=7973"}],"version-history":[{"count":2,"href":"http:\/\/www.vs.poeggstall.at\/vs\/wp-json\/wp\/v2\/pages\/7973\/revisions"}],"predecessor-version":[{"id":7977,"href":"http:\/\/www.vs.poeggstall.at\/vs\/wp-json\/wp\/v2\/pages\/7973\/revisions\/7977"}],"wp:attachment":[{"href":"http:\/\/www.vs.poeggstall.at\/vs\/wp-json\/wp\/v2\/media?parent=7973"}],"curies":[{"name":"wp","href":"https:\/\/api.w.org\/{rel}","templated":true}]}}