{"id":7817,"date":"2022-11-11T13:38:44","date_gmt":"2022-11-11T12:38:44","guid":{"rendered":"http:\/\/www.vs.poeggstall.at\/vs\/?page_id=7817"},"modified":"2025-12-18T12:43:42","modified_gmt":"2025-12-18T11:43:42","slug":"elternverein","status":"publish","type":"page","link":"http:\/\/www.vs.poeggstall.at\/vs\/elternverein\/","title":{"rendered":"Elternverein"},"content":{"rendered":"\n<div style=\"height:100px\" aria-hidden=\"true\" class=\"wp-block-spacer\"><\/div>\n\n\n\n<h1 class=\"has-text-align-center\">Volksschule P\u00f6ggstall<\/h1>\n\n\n\n<p style=\"font-size:25px\"><strong>Der Elternverein der Volksschule P\u00f6ggstall stellt sich vor<\/strong><\/p>\n\n\n\n<p style=\"font-size:22px\">Der Elternverein der Volksschule P\u00f6ggstall besteht aus engagierten Eltern, die sich seit vielen Jahren aktiv f\u00fcr die Schule und ihre Kinder einsetzen.<br>Damit der Elternverein die Volksschule und ihre Sch\u00fclerinnen und Sch\u00fcler finanziell unterst\u00fctzen kann, werden das ganze Schuljahr \u00fcber verschiedene Veranstaltungen organisiert. Zu den bekanntesten z\u00e4hlen der Kinderbazar, die Wintersonnenwende, der Kinderfasching und das Schulabschlussfest.<\/p>\n\n\n\n<p style=\"font-size:22px\">Der gesamte Erl\u00f6s dieser Aktivit\u00e4ten kommt der Volksschule zugute und erm\u00f6glicht die Mitfinanzierung zahlreicher Ausfl\u00fcge, Anschaffungen und schulischer Veranstaltungen. Dies bedeutet nicht nur viele sch\u00f6ne Erlebnisse f\u00fcr die Kinder, sondern entlastet zugleich auch die Eltern finanziell.<\/p>\n\n\n\n<p style=\"font-size:22px\">Der Elternverein, das Lehrerinnenteam, sowie die Direktorin arbeiten stets Hand in Hand \u2013 immer im Sinne des Wohles der Kinder.<\/p>\n\n\n\n<p style=\"font-size:22px\">Ein besonderes Highlight stellt die j\u00fcngste gro\u00dfe Investition des Elternvereins dar: die Neugestaltung des Schulhofs der Volksschule P\u00f6ggstall. Die bisherige B\u00f6schung wurde abgetragen und durch eine einladende Sitztrib\u00fcne mit begr\u00fcnten Fl\u00e4chen ersetzt. Dieser neue Bereich wird nun f\u00fcr Unterrichtseinheiten im Freien, schulische Veranstaltungen oder einfach als gem\u00fctlicher Platz in der gro\u00dfen Pause genutzt.<\/p>\n\n\n\n<p style=\"font-size:22px\">F\u00fcr dieses Projekt wurden beeindruckende 366 freiwillige Arbeitsstunden geleistet \u2013 ein herzliches Dankesch\u00f6n an alle Beteiligten sowie an die Gemeinde P\u00f6ggstall f\u00fcr die gro\u00dfartige Unterst\u00fctzung!<\/p>\n\n\n\n<hr class=\"wp-block-separator is-style-wide\"\/>\n\n\n\n<div class=\"wp-block-columns\">\n<div class=\"wp-block-column\">\n<figure class=\"wp-block-gallery columns-1 is-cropped\"><ul class=\"blocks-gallery-grid\"><li class=\"blocks-gallery-item\"><figure><img loading=\"lazy\" width=\"1024\" height=\"768\" src=\"http:\/\/www.vs.poeggstall.at\/vs\/wp-content\/uploads\/2025\/12\/FOTO2-1024x768.jpg\" alt=\"\" data-id=\"13951\" data-full-url=\"http:\/\/www.vs.poeggstall.at\/vs\/wp-content\/uploads\/2025\/12\/FOTO2.jpg\" data-link=\"http:\/\/www.vs.poeggstall.at\/vs\/elternverein\/foto2\/\" class=\"wp-image-13951\" srcset=\"http:\/\/www.vs.poeggstall.at\/vs\/wp-content\/uploads\/2025\/12\/FOTO2-1024x768.jpg 1024w, http:\/\/www.vs.poeggstall.at\/vs\/wp-content\/uploads\/2025\/12\/FOTO2-300x225.jpg 300w, http:\/\/www.vs.poeggstall.at\/vs\/wp-content\/uploads\/2025\/12\/FOTO2-768x576.jpg 768w, http:\/\/www.vs.poeggstall.at\/vs\/wp-content\/uploads\/2025\/12\/FOTO2-1536x1152.jpg 1536w, http:\/\/www.vs.poeggstall.at\/vs\/wp-content\/uploads\/2025\/12\/FOTO2.jpg 2016w\" sizes=\"(max-width: 1024px) 100vw, 1024px\" \/><\/figure><\/li><\/ul><\/figure>\n<\/div>\n<\/div>\n\n\n\n<hr class=\"wp-block-separator is-style-wide\"\/>\n\n\n\n<h2><\/h2>\n\n\n\n<hr class=\"wp-block-separator is-style-wide\"\/>\n\n\n\n<div class=\"wp-block-columns\">\n<div class=\"wp-block-column\"><\/div>\n<\/div>\n\n\n\n<p><\/p>\n","protected":false},"excerpt":{"rendered":"<p>Volksschule P\u00f6ggstall Der Elternverein der Volksschule P\u00f6ggstall stellt sich vor Der Elternverein der Volksschule P\u00f6ggstall besteht aus engagierten Eltern, die sich seit vielen Jahren aktiv f\u00fcr die Schule und ihre Kinder einsetzen.Damit der Elternverein die Volksschule und ihre Sch\u00fclerinnen und &hellip; <a href=\"http:\/\/www.vs.poeggstall.at\/vs\/elternverein\/\">Weiter<\/a><\/p>\n","protected":false},"author":3,"featured_media":0,"parent":0,"menu_order":100,"comment_status":"closed","ping_status":"closed","template":"page-fullwidth.php","meta":[],"yoast_head":"<!-- This site is optimized with the Yoast SEO plugin v16.2 - https:\/\/yoast.com\/wordpress\/plugins\/seo\/ -->\n<title>Elternverein - Volksschule P\u00f6ggstall<\/title>\n<meta name=\"description\" content=\"Schulstra\u00dfe 53650 P\u00f6ggstall | (T) 02758\/4034 | (E) direktion@vs.poeggstall.at | (E) lehrer@vs.poeggstall.at | (F) 02758\/4034-30\" \/>\n<meta name=\"robots\" content=\"index, follow, max-snippet:-1, max-image-preview:large, max-video-preview:-1\" \/>\n<link rel=\"canonical\" href=\"http:\/\/www.vs.poeggstall.at\/vs\/elternverein\/\" \/>\n<meta property=\"og:locale\" content=\"de_DE\" \/>\n<meta property=\"og:type\" content=\"article\" \/>\n<meta property=\"og:title\" content=\"Elternverein - Volksschule P\u00f6ggstall\" \/>\n<meta property=\"og:description\" content=\"Schulstra\u00dfe 53650 P\u00f6ggstall | (T) 02758\/4034 | (E) direktion@vs.poeggstall.at | (E) lehrer@vs.poeggstall.at | (F) 02758\/4034-30\" \/>\n<meta property=\"og:url\" content=\"http:\/\/www.vs.poeggstall.at\/vs\/elternverein\/\" \/>\n<meta property=\"og:site_name\" content=\"Volksschule P\u00f6ggstall\" \/>\n<meta property=\"article:modified_time\" content=\"2025-12-18T11:43:42+00:00\" \/>\n<meta property=\"og:image\" content=\"http:\/\/www.vs.poeggstall.at\/vs\/wp-content\/uploads\/2025\/12\/FOTO2-1024x768.jpg\" \/>\n<meta name=\"twitter:card\" content=\"summary\" \/>\n<meta name=\"twitter:label1\" content=\"Gesch\u00e4tzte Lesezeit\">\n\t<meta name=\"twitter:data1\" content=\"2\u00a0Minuten\">\n<script type=\"application\/ld+json\" class=\"yoast-schema-graph\">{\"@context\":\"https:\/\/schema.org\",\"@graph\":[{\"@type\":\"WebSite\",\"@id\":\"http:\/\/www.vs.poeggstall.at\/vs\/#website\",\"url\":\"http:\/\/www.vs.poeggstall.at\/vs\/\",\"name\":\"Volksschule P\\u00f6ggstall\",\"description\":\"zukunftsorientierte Volksschule im Waldviertel\",\"potentialAction\":[{\"@type\":\"SearchAction\",\"target\":\"http:\/\/www.vs.poeggstall.at\/vs\/?s={search_term_string}\",\"query-input\":\"required name=search_term_string\"}],\"inLanguage\":\"de\"},{\"@type\":\"ImageObject\",\"@id\":\"http:\/\/www.vs.poeggstall.at\/vs\/elternverein\/#primaryimage\",\"inLanguage\":\"de\",\"url\":\"http:\/\/www.vs.poeggstall.at\/vs\/wp-content\/uploads\/2025\/12\/FOTO2.jpg\",\"contentUrl\":\"http:\/\/www.vs.poeggstall.at\/vs\/wp-content\/uploads\/2025\/12\/FOTO2.jpg\",\"width\":2016,\"height\":1512},{\"@type\":\"WebPage\",\"@id\":\"http:\/\/www.vs.poeggstall.at\/vs\/elternverein\/#webpage\",\"url\":\"http:\/\/www.vs.poeggstall.at\/vs\/elternverein\/\",\"name\":\"Elternverein - Volksschule P\\u00f6ggstall\",\"isPartOf\":{\"@id\":\"http:\/\/www.vs.poeggstall.at\/vs\/#website\"},\"primaryImageOfPage\":{\"@id\":\"http:\/\/www.vs.poeggstall.at\/vs\/elternverein\/#primaryimage\"},\"datePublished\":\"2022-11-11T12:38:44+00:00\",\"dateModified\":\"2025-12-18T11:43:42+00:00\",\"description\":\"Schulstra\\u00dfe 53650 P\\u00f6ggstall | (T) 02758\/4034 | (E) direktion@vs.poeggstall.at | (E) lehrer@vs.poeggstall.at | (F) 02758\/4034-30\",\"breadcrumb\":{\"@id\":\"http:\/\/www.vs.poeggstall.at\/vs\/elternverein\/#breadcrumb\"},\"inLanguage\":\"de\",\"potentialAction\":[{\"@type\":\"ReadAction\",\"target\":[\"http:\/\/www.vs.poeggstall.at\/vs\/elternverein\/\"]}]},{\"@type\":\"BreadcrumbList\",\"@id\":\"http:\/\/www.vs.poeggstall.at\/vs\/elternverein\/#breadcrumb\",\"itemListElement\":[{\"@type\":\"ListItem\",\"position\":1,\"item\":{\"@type\":\"WebPage\",\"@id\":\"http:\/\/www.vs.poeggstall.at\/vs\/\",\"url\":\"http:\/\/www.vs.poeggstall.at\/vs\/\",\"name\":\"Startseite\"}},{\"@type\":\"ListItem\",\"position\":2,\"item\":{\"@id\":\"http:\/\/www.vs.poeggstall.at\/vs\/elternverein\/#webpage\"}}]}]}<\/script>\n<!-- \/ Yoast SEO plugin. -->","_links":{"self":[{"href":"http:\/\/www.vs.poeggstall.at\/vs\/wp-json\/wp\/v2\/pages\/7817"}],"collection":[{"href":"http:\/\/www.vs.poeggstall.at\/vs\/wp-json\/wp\/v2\/pages"}],"about":[{"href":"http:\/\/www.vs.poeggstall.at\/vs\/wp-json\/wp\/v2\/types\/page"}],"author":[{"embeddable":true,"href":"http:\/\/www.vs.poeggstall.at\/vs\/wp-json\/wp\/v2\/users\/3"}],"replies":[{"embeddable":true,"href":"http:\/\/www.vs.poeggstall.at\/vs\/wp-json\/wp\/v2\/comments?post=7817"}],"version-history":[{"count":14,"href":"http:\/\/www.vs.poeggstall.at\/vs\/wp-json\/wp\/v2\/pages\/7817\/revisions"}],"predecessor-version":[{"id":13953,"href":"http:\/\/www.vs.poeggstall.at\/vs\/wp-json\/wp\/v2\/pages\/7817\/revisions\/13953"}],"wp:attachment":[{"href":"http:\/\/www.vs.poeggstall.at\/vs\/wp-json\/wp\/v2\/media?parent=7817"}],"curies":[{"name":"wp","href":"https:\/\/api.w.org\/{rel}","templated":true}]}}