{"id":65,"date":"2017-04-06T15:01:24","date_gmt":"2017-04-06T13:01:24","guid":{"rendered":"http:\/\/www.vs.poeggstall.at\/vs\/?page_id=65"},"modified":"2026-03-11T22:15:01","modified_gmt":"2026-03-11T21:15:01","slug":"termine","status":"publish","type":"page","link":"http:\/\/www.vs.poeggstall.at\/vs\/termine\/","title":{"rendered":"Termine"},"content":{"rendered":"\n<div style=\"height:100px\" aria-hidden=\"true\" class=\"wp-block-spacer\"><\/div>\n\n\n\n<h1 class=\"has-text-align-center\">Termine \u2013 Volksschule P\u00f6ggstall<\/h1>\n\n\n\n<p class=\"has-text-align-center\"><\/p>\n\n\n\n<p style=\"font-size:22px\"><\/p>\n\n\n\n<p style=\"font-size:22px\"><br><br><strong>Schuljahr 2025\/2026:<\/strong><\/p>\n\n\n\n<p style=\"font-size:25px\"><strong>Klassenforen:<\/strong><\/p>\n\n\n\n<p class=\"has-text-align-center\" style=\"font-size:22px\">1A: Donnerstag, 04.09. 19 Uhr<br>2A: Montag, 08.09. 19 Uhr<br>3A + 3B: Dienstag, 09.09. 19 Uhr<br>4A: Donnerstag, 11.09. 18 Uhr<br><\/p>\n\n\n\n<p style=\"font-size:22px\">01.09.2025: 1. Schultag 07:45-08:35 &#8211; Beginn f\u00fcr alle in der Aula<br>02.09.2025: 2. Schultag 07:45-09:25 &#8211; 08:00 Schulanfangsmesse 08:00 in der Pfarrkirche. Alle sind herzlich eingeladen!<br>03.09.2025: 3. Schultag &#8211; Unterricht lt. regul\u00e4rem Stundenplan. Nachmittagsbetreuung ab heute.<br>23.09.2025: Zahngesundheitserziehung Apollonia, Kroko kommt<br>23.09.2025: Lesenacht der 4a<br><br>08.10.2025: Zauberer kommt in die Schule<br>15.10.2025: M\u00fcllworkshop GVU (1a, 2a, 3a)<br>22.10.2025: Radfahrpr\u00fcfung der 4a<br><br>11.11.2025: Ateliertag<br>17.-21.11.2025: Elternsprechtage<br>22.11.2025: Adventmarkt im Schloss P\u00f6ggstall<br>26.11.2025: Abenteuer Ich, Elternabend um 18:00 Uhr<br>26. &#8211; 28.11.2025: Buchausstellung in der B\u00fccherei der Bunten Ecke<br><br>01.12.2025: Adventkranzsegnung, 7:45 Uhr<br>05.12.2025: Nikolausfeier<br>12.12.2025: Advent in der B\u00fccherei, 16:00-19:00<br>15.12.2025: Antonia Theater, 4a<br>17.12.2025: Wintersonnenwende<br>22.12.2025: Rorate Messe in der Pfarrkirche<br><br>19.01.2025: Schuleinschreibung, 1. Termin<br>20.01.2025: Schuleinschreibung, 2. Termin<br>20.01.2026: AUVA Co-Pilotentraining, 3a und 3b<br>21.01.2026: Eislaufen in Zwettl<br>25.01.2026: Faschingsfest organisiert vom Elternverein<br>27.01.2026: Ateliertag, Thema Winter<br>28.01.2026: Power for me, 4a<br>29.01.2026: Power for me, 4a<br><br>11.02.2026: Tag im Schnee am Annaberg<br>17.02.2026: Faschingsumzug in P\u00f6ggstall<br>18.02.2026: Wortgottesdienst mit Aschenkreuz in der Schule<br><br>17.03.2026: Landeshauptstadt St. P\u00f6lten (4. Klasse)<br>18.03.2026: Zahngesundheitserziehung Apollonia, Kroko kommt<br>26.03.2026: CyberKids Workshop (4. Klasse)<br><br>19.04.2026: Erstkommunion in Neukirchen<br>21.04.2026: Vortrag \u00fcber die Geschichte des Ortes P\u00f6ggstall (3a und 3b) und <br>                         Besichtigung der Annakirche mit Herrn Neidhart (3a)<br>22.04.2026: Besuch der Annakirche mit Herrn Neidhart (3b)<br>23.04.2026: Sumsi Cup, Fu\u00dfball<br>26.04.2026: Erstkommunion in P\u00f6ggstall<br>28.04.2026: Ateliertag, Thema Fr\u00fchling<br><br>02.05.2026: Pflanzerltauschmarkt<br>04.05.2026: Ostermesse in der Pfarrkirche, 8:00 Uhr<br>04.05.2026: Workshop Power for me (4. Klasse)<br>07.05.2026: Besuch der Gemeinde (3a und 3b)<br>08.05.2026: Bezirksjugendsingen (Chor)<br>11.05.2026: Lesung Herr H\u00f6rndler<br>12.05.2026: Workshop Power for me (4. Klasse)<br>15.05.2026: Besuch der Feuerwehr (4. Klasse)<br>22.05.2026: Laufolympiade in Amstetten<br><br>02.06.2026: Schwimmtag in Zwettl<br>03.06.2026: Schwimmtag in Zwettl<br>09.06.2026: Stadtf\u00fchrung Melk und Besichtigung Stift Melk (3a und 3b)<br>16.06.2026: Schwimmtag in Zwettl<br>17.06.2026: Schwimmtag in Zwettl<br>18.06.2026: LIDL Lauf Landesfinale in Traun<br><br>02.07.2026: Schulschlussmesse in der Annakirche<br><br><\/p>\n\n\n\n<p><\/p>\n\n\n\n<p style=\"font-size:22px\"><strong>Ferien \/ Schulautonomer Tag<\/strong><br>27.10.2025- 31.10.2025: Herbstferien<br>24.12.2025 &#8211; 06.01.2026: Weihnachtsferien<br>02.02.2026 &#8211; 08.02.2026: Semesterferien<br>28.03.2026 &#8211; 06.04.2026: Osterferien<br>23.05.2026 &#8211; 25.05.2026: Pfingsten<br>05.06.2026: Schulautonomer Tag<br>04.07.2026 &#8211; 06.09.2026: Sommerferien<br><br><br><\/p>\n","protected":false},"excerpt":{"rendered":"<p>Termine \u2013 Volksschule P\u00f6ggstall Schuljahr 2025\/2026: Klassenforen: 1A: Donnerstag, 04.09. 19 Uhr2A: Montag, 08.09. 19 Uhr3A + 3B: Dienstag, 09.09. 19 Uhr4A: Donnerstag, 11.09. 18 Uhr 01.09.2025: 1. Schultag 07:45-08:35 &#8211; Beginn f\u00fcr alle in der Aula02.09.2025: 2. Schultag 07:45-09:25 &hellip; <a href=\"http:\/\/www.vs.poeggstall.at\/vs\/termine\/\">Weiter<\/a><\/p>\n","protected":false},"author":1,"featured_media":0,"parent":0,"menu_order":20,"comment_status":"closed","ping_status":"closed","template":"page-fullwidth.php","meta":[],"yoast_head":"<!-- This site is optimized with the Yoast SEO plugin v16.2 - https:\/\/yoast.com\/wordpress\/plugins\/seo\/ -->\n<title>Alle Termine im \u00dcberblick - Volksschule P\u00f6ggstall<\/title>\n<meta name=\"description\" content=\"Hier eine \u00dcbersicht unserer aktuellen Termine an der Volksschule P\u00f6ggstall.\" \/>\n<meta name=\"robots\" content=\"index, follow, max-snippet:-1, max-image-preview:large, max-video-preview:-1\" \/>\n<link rel=\"canonical\" href=\"http:\/\/www.vs.poeggstall.at\/vs\/termine\/\" \/>\n<meta property=\"og:locale\" content=\"de_DE\" \/>\n<meta property=\"og:type\" content=\"article\" \/>\n<meta property=\"og:title\" content=\"Alle Termine im \u00dcberblick - Volksschule P\u00f6ggstall\" \/>\n<meta property=\"og:description\" content=\"Hier eine \u00dcbersicht unserer aktuellen Termine an der Volksschule P\u00f6ggstall.\" \/>\n<meta property=\"og:url\" content=\"http:\/\/www.vs.poeggstall.at\/vs\/termine\/\" \/>\n<meta property=\"og:site_name\" content=\"Volksschule P\u00f6ggstall\" \/>\n<meta property=\"article:modified_time\" content=\"2026-03-11T21:15:01+00:00\" \/>\n<meta name=\"twitter:card\" content=\"summary\" \/>\n<meta name=\"twitter:label1\" content=\"Gesch\u00e4tzte Lesezeit\">\n\t<meta name=\"twitter:data1\" content=\"2\u00a0Minuten\">\n<script type=\"application\/ld+json\" class=\"yoast-schema-graph\">{\"@context\":\"https:\/\/schema.org\",\"@graph\":[{\"@type\":\"WebSite\",\"@id\":\"http:\/\/www.vs.poeggstall.at\/vs\/#website\",\"url\":\"http:\/\/www.vs.poeggstall.at\/vs\/\",\"name\":\"Volksschule P\\u00f6ggstall\",\"description\":\"zukunftsorientierte Volksschule im Waldviertel\",\"potentialAction\":[{\"@type\":\"SearchAction\",\"target\":\"http:\/\/www.vs.poeggstall.at\/vs\/?s={search_term_string}\",\"query-input\":\"required name=search_term_string\"}],\"inLanguage\":\"de\"},{\"@type\":\"WebPage\",\"@id\":\"http:\/\/www.vs.poeggstall.at\/vs\/termine\/#webpage\",\"url\":\"http:\/\/www.vs.poeggstall.at\/vs\/termine\/\",\"name\":\"Alle Termine im \\u00dcberblick - Volksschule P\\u00f6ggstall\",\"isPartOf\":{\"@id\":\"http:\/\/www.vs.poeggstall.at\/vs\/#website\"},\"datePublished\":\"2017-04-06T13:01:24+00:00\",\"dateModified\":\"2026-03-11T21:15:01+00:00\",\"description\":\"Hier eine \\u00dcbersicht unserer aktuellen Termine an der Volksschule P\\u00f6ggstall.\",\"breadcrumb\":{\"@id\":\"http:\/\/www.vs.poeggstall.at\/vs\/termine\/#breadcrumb\"},\"inLanguage\":\"de\",\"potentialAction\":[{\"@type\":\"ReadAction\",\"target\":[\"http:\/\/www.vs.poeggstall.at\/vs\/termine\/\"]}]},{\"@type\":\"BreadcrumbList\",\"@id\":\"http:\/\/www.vs.poeggstall.at\/vs\/termine\/#breadcrumb\",\"itemListElement\":[{\"@type\":\"ListItem\",\"position\":1,\"item\":{\"@type\":\"WebPage\",\"@id\":\"http:\/\/www.vs.poeggstall.at\/vs\/\",\"url\":\"http:\/\/www.vs.poeggstall.at\/vs\/\",\"name\":\"Startseite\"}},{\"@type\":\"ListItem\",\"position\":2,\"item\":{\"@id\":\"http:\/\/www.vs.poeggstall.at\/vs\/termine\/#webpage\"}}]}]}<\/script>\n<!-- \/ Yoast SEO plugin. -->","_links":{"self":[{"href":"http:\/\/www.vs.poeggstall.at\/vs\/wp-json\/wp\/v2\/pages\/65"}],"collection":[{"href":"http:\/\/www.vs.poeggstall.at\/vs\/wp-json\/wp\/v2\/pages"}],"about":[{"href":"http:\/\/www.vs.poeggstall.at\/vs\/wp-json\/wp\/v2\/types\/page"}],"author":[{"embeddable":true,"href":"http:\/\/www.vs.poeggstall.at\/vs\/wp-json\/wp\/v2\/users\/1"}],"replies":[{"embeddable":true,"href":"http:\/\/www.vs.poeggstall.at\/vs\/wp-json\/wp\/v2\/comments?post=65"}],"version-history":[{"count":156,"href":"http:\/\/www.vs.poeggstall.at\/vs\/wp-json\/wp\/v2\/pages\/65\/revisions"}],"predecessor-version":[{"id":14277,"href":"http:\/\/www.vs.poeggstall.at\/vs\/wp-json\/wp\/v2\/pages\/65\/revisions\/14277"}],"wp:attachment":[{"href":"http:\/\/www.vs.poeggstall.at\/vs\/wp-json\/wp\/v2\/media?parent=65"}],"curies":[{"name":"wp","href":"https:\/\/api.w.org\/{rel}","templated":true}]}}