{"id":1453,"date":"2018-09-18T20:55:43","date_gmt":"2018-09-18T18:55:43","guid":{"rendered":"http:\/\/www.vs.poeggstall.at\/vs\/?page_id=1453"},"modified":"2022-07-06T13:46:05","modified_gmt":"2022-07-06T11:46:05","slug":"datenschutz","status":"publish","type":"page","link":"http:\/\/www.vs.poeggstall.at\/vs\/datenschutz\/","title":{"rendered":"Datenschutz"},"content":{"rendered":"<div id=\"pl-1453\" class=\"panel-layout\">\n<div id=\"pg-1453-0\" class=\"panel-grid panel-no-style\">\n<div id=\"pgc-1453-0-0\" class=\"panel-grid-cell panel-grid-cell-empty\" data-weight=\"1\"><\/div>\n<\/div>\n<div id=\"pg-1453-1\" class=\"panel-grid panel-no-style\" data-style=\"{&quot;background_display&quot;:&quot;tile&quot;,&quot;cell_alignment&quot;:&quot;flex-start&quot;}\">\n<div id=\"pgc-1453-1-0\" class=\"panel-grid-cell\" data-weight=\"1\">\n<div id=\"panel-1453-1-0-0\" class=\"so-panel widget widget_sow-editor panel-first-child panel-last-child\" data-index=\"0\" data-style=\"{&quot;background_display&quot;:&quot;tile&quot;}\">\n<div class=\"so-widget-sow-editor so-widget-sow-editor-base\">\n<div class=\"siteorigin-widget-tinymce textwidget\">\n<p><strong>Angaben gem\u00e4\u00df \u00a7 25 MedienG:<\/strong><\/p>\n<p>Herausgeber und verantwortlich f\u00fcr den Inhalt dieses Blogs:<\/p>\n<p>VS P\u00f6ggstall<br \/>\nSchulstra\u00dfe 5<br \/>\n3650 P\u00f6ggstall<br \/>\n(T) 02758\/4034<br \/>\n(F) 02758\/4034-30<br \/>\n(E) <a href=\"mailto:direktion@vs.poeggstall.at\">direktion@vs.poeggstall.at<\/a><br \/>\n(E) <a href=\"mailto:lehrer@vs.poeggstall.at\">lehrer@vs.poeggstall.at<\/a><\/p>\n<p>Grundlegende Richtung: Diese Seite zeigt Infos und aktuelle Veranstaltungen der Volksschule P\u00f6ggstall.<\/p>\n<p>Im Falle eventueller Missst\u00e4nde auf dieser Homepage\u00a0(z.B. bez\u00fcglich Inhalt oder einer m\u00f6glichen Urheberrechtsverletzung) bitten wir\u00a0zur Vermeidung unn\u00f6tiger Rechtsstreite und Kosten um eine vorherige Kontaktaufnahme, um die Unstimmigkeiten m\u00f6glichst einvernehmlich und formlos aus der Welt zu schaffen. Die Kostennote einer anwaltli\u00adchen Abmahnung wird daher im Sinne der Schadensminderungspflicht als unbegr\u00fcndet zur\u00fcckgewiesen, wenn wir\u00a0nicht vorher \u00fcber unsere eMail-Adresse <a href=\"mailto:direktion@vs.poeggstall.at\">direktion@vs.poeggstall.at<\/a> kontaktiert und nicht auf diesem Weg \u00fcber eventuelle Missst\u00e4nde in unserem Blog hingewiesen wurden.<\/p>\n<p><strong>Urheberrecht:<\/strong><\/p>\n<p>Alle Inhalte auf dieser Seite sind urheberrechtlich gesch\u00fctzt. \u00a0Die Vervielf\u00e4ltigung, Verwendung und Weitergabe der Inhalte bed\u00fcrfen der ausdr\u00fccklichen Genehmigung des Autors. Das Copyright aller Abbildungen (Fotografien und Grafiken) liegt, wenn nicht anders vermerkt, bei der Volksschule P\u00f6ggstall. Die Weiterverwendung und das Kopieren, auch in Ausschnitten, ist nicht erlaubt.<\/p>\n<p><strong>Haftungsausschluss:<\/strong><\/p>\n<p>Wir\u00a0\u00fcbernehmen trotz sorgf\u00e4ltiger inhaltlicher Kontrolle keine Haftung f\u00fcr die Inhalte externer Links. F\u00fcr den Inhalt der verlinkten Seiten sind ausschlie\u00dflich deren Betreiber verantwortlich.<\/p>\n<p><strong>Datenschutz<\/strong><\/p>\n<p><a href=\"https:\/\/bildung.bmbwf.gv.at\/datenschutz\" target=\"_blank\" rel=\"noopener\">Bundesministeriums f\u00fcr Bildung\u00a0Datenschutz<\/a><\/p>\n<\/div>\n<\/div>\n<\/div>\n<\/div>\n<\/div>\n<\/div>\n","protected":false},"excerpt":{"rendered":"<p>Angaben gem\u00e4\u00df \u00a7 25 MedienG: Herausgeber und verantwortlich f\u00fcr den Inhalt dieses Blogs: VS P\u00f6ggstall Schulstra\u00dfe 5 3650 P\u00f6ggstall (T) 02758\/4034 (F) 02758\/4034-30 (E) direktion@vs.poeggstall.at (E) lehrer@vs.poeggstall.at Grundlegende Richtung: Diese Seite zeigt Infos und aktuelle Veranstaltungen der Volksschule P\u00f6ggstall. Im &hellip; <a href=\"http:\/\/www.vs.poeggstall.at\/vs\/datenschutz\/\">Weiter<\/a><\/p>\n","protected":false},"author":1,"featured_media":0,"parent":0,"menu_order":100,"comment_status":"closed","ping_status":"closed","template":"page-fullwidth.php","meta":[],"yoast_head":"<!-- This site is optimized with the Yoast SEO plugin v16.2 - https:\/\/yoast.com\/wordpress\/plugins\/seo\/ -->\n<title>Datenschutz - Volksschule P\u00f6ggstall<\/title>\n<meta name=\"robots\" content=\"index, follow, max-snippet:-1, max-image-preview:large, max-video-preview:-1\" \/>\n<link rel=\"canonical\" href=\"http:\/\/www.vs.poeggstall.at\/vs\/datenschutz\/\" \/>\n<meta property=\"og:locale\" content=\"de_DE\" \/>\n<meta property=\"og:type\" content=\"article\" \/>\n<meta property=\"og:title\" content=\"Datenschutz - Volksschule P\u00f6ggstall\" \/>\n<meta property=\"og:description\" content=\"Angaben gem\u00e4\u00df \u00a7 25 MedienG: Herausgeber und verantwortlich f\u00fcr den Inhalt dieses Blogs: VS P\u00f6ggstall Schulstra\u00dfe 5 3650 P\u00f6ggstall (T) 02758\/4034 (F) 02758\/4034-30 (E) direktion@vs.poeggstall.at (E) lehrer@vs.poeggstall.at Grundlegende Richtung: Diese Seite zeigt Infos und aktuelle Veranstaltungen der Volksschule P\u00f6ggstall. Im &hellip; Weiter\" \/>\n<meta property=\"og:url\" content=\"http:\/\/www.vs.poeggstall.at\/vs\/datenschutz\/\" \/>\n<meta property=\"og:site_name\" content=\"Volksschule P\u00f6ggstall\" \/>\n<meta property=\"article:modified_time\" content=\"2022-07-06T11:46:05+00:00\" \/>\n<meta name=\"twitter:card\" content=\"summary\" \/>\n<meta name=\"twitter:label1\" content=\"Gesch\u00e4tzte Lesezeit\">\n\t<meta name=\"twitter:data1\" content=\"1\u00a0Minute\">\n<script type=\"application\/ld+json\" class=\"yoast-schema-graph\">{\"@context\":\"https:\/\/schema.org\",\"@graph\":[{\"@type\":\"WebSite\",\"@id\":\"http:\/\/www.vs.poeggstall.at\/vs\/#website\",\"url\":\"http:\/\/www.vs.poeggstall.at\/vs\/\",\"name\":\"Volksschule P\\u00f6ggstall\",\"description\":\"zukunftsorientierte Volksschule im Waldviertel\",\"potentialAction\":[{\"@type\":\"SearchAction\",\"target\":\"http:\/\/www.vs.poeggstall.at\/vs\/?s={search_term_string}\",\"query-input\":\"required name=search_term_string\"}],\"inLanguage\":\"de\"},{\"@type\":\"WebPage\",\"@id\":\"http:\/\/www.vs.poeggstall.at\/vs\/datenschutz\/#webpage\",\"url\":\"http:\/\/www.vs.poeggstall.at\/vs\/datenschutz\/\",\"name\":\"Datenschutz - Volksschule P\\u00f6ggstall\",\"isPartOf\":{\"@id\":\"http:\/\/www.vs.poeggstall.at\/vs\/#website\"},\"datePublished\":\"2018-09-18T18:55:43+00:00\",\"dateModified\":\"2022-07-06T11:46:05+00:00\",\"breadcrumb\":{\"@id\":\"http:\/\/www.vs.poeggstall.at\/vs\/datenschutz\/#breadcrumb\"},\"inLanguage\":\"de\",\"potentialAction\":[{\"@type\":\"ReadAction\",\"target\":[\"http:\/\/www.vs.poeggstall.at\/vs\/datenschutz\/\"]}]},{\"@type\":\"BreadcrumbList\",\"@id\":\"http:\/\/www.vs.poeggstall.at\/vs\/datenschutz\/#breadcrumb\",\"itemListElement\":[{\"@type\":\"ListItem\",\"position\":1,\"item\":{\"@type\":\"WebPage\",\"@id\":\"http:\/\/www.vs.poeggstall.at\/vs\/\",\"url\":\"http:\/\/www.vs.poeggstall.at\/vs\/\",\"name\":\"Startseite\"}},{\"@type\":\"ListItem\",\"position\":2,\"item\":{\"@id\":\"http:\/\/www.vs.poeggstall.at\/vs\/datenschutz\/#webpage\"}}]}]}<\/script>\n<!-- \/ Yoast SEO plugin. -->","_links":{"self":[{"href":"http:\/\/www.vs.poeggstall.at\/vs\/wp-json\/wp\/v2\/pages\/1453"}],"collection":[{"href":"http:\/\/www.vs.poeggstall.at\/vs\/wp-json\/wp\/v2\/pages"}],"about":[{"href":"http:\/\/www.vs.poeggstall.at\/vs\/wp-json\/wp\/v2\/types\/page"}],"author":[{"embeddable":true,"href":"http:\/\/www.vs.poeggstall.at\/vs\/wp-json\/wp\/v2\/users\/1"}],"replies":[{"embeddable":true,"href":"http:\/\/www.vs.poeggstall.at\/vs\/wp-json\/wp\/v2\/comments?post=1453"}],"version-history":[{"count":8,"href":"http:\/\/www.vs.poeggstall.at\/vs\/wp-json\/wp\/v2\/pages\/1453\/revisions"}],"predecessor-version":[{"id":7515,"href":"http:\/\/www.vs.poeggstall.at\/vs\/wp-json\/wp\/v2\/pages\/1453\/revisions\/7515"}],"wp:attachment":[{"href":"http:\/\/www.vs.poeggstall.at\/vs\/wp-json\/wp\/v2\/media?parent=1453"}],"curies":[{"name":"wp","href":"https:\/\/api.w.org\/{rel}","templated":true}]}}