{"id":13611,"date":"2025-10-17T12:56:50","date_gmt":"2025-10-17T10:56:50","guid":{"rendered":"http:\/\/www.vs.poeggstall.at\/vs\/?page_id=13611"},"modified":"2025-12-21T22:51:39","modified_gmt":"2025-12-21T21:51:39","slug":"nami-3","status":"publish","type":"page","link":"http:\/\/www.vs.poeggstall.at\/vs\/nami-3\/","title":{"rendered":"NAMI"},"content":{"rendered":"\n<div class=\"wp-block-columns\">\n<div class=\"wp-block-column\">\n<p><\/p>\n\n\n\n<h2>Die Nachmittagsbetreuung der VS P\u00f6ggstall stellt sich vor&#8230;<\/h2>\n<\/div>\n<\/div>\n\n\n\n<div class=\"wp-block-columns\">\n<div class=\"wp-block-column\">\n<figure class=\"wp-block-gallery columns-1 is-cropped\"><ul class=\"blocks-gallery-grid\"><li class=\"blocks-gallery-item\"><figure><img loading=\"lazy\" width=\"236\" height=\"313\" src=\"http:\/\/www.vs.poeggstall.at\/vs\/wp-content\/uploads\/2025\/10\/WhatsApp-Image-2025-10-17-at-11.27.44-2.jpeg\" alt=\"\" data-id=\"13619\" data-full-url=\"http:\/\/www.vs.poeggstall.at\/vs\/wp-content\/uploads\/2025\/10\/WhatsApp-Image-2025-10-17-at-11.27.44-2.jpeg\" data-link=\"http:\/\/www.vs.poeggstall.at\/vs\/nami-3\/whatsapp-image-2025-10-17-at-11-27-44-2\/\" class=\"wp-image-13619\" srcset=\"http:\/\/www.vs.poeggstall.at\/vs\/wp-content\/uploads\/2025\/10\/WhatsApp-Image-2025-10-17-at-11.27.44-2.jpeg 236w, http:\/\/www.vs.poeggstall.at\/vs\/wp-content\/uploads\/2025\/10\/WhatsApp-Image-2025-10-17-at-11.27.44-2-226x300.jpeg 226w\" sizes=\"(max-width: 236px) 100vw, 236px\" \/><\/figure><\/li><\/ul><\/figure>\n<\/div>\n\n\n\n<div class=\"wp-block-column\">\n<p style=\"font-size:22px\">Ich hei\u00dfe Anna P\u00f6cksteiner, bin 18 Jahre alt und komme aus St. Oswald. Meine Schulausbildung habe ich an der Landwirtschaftlichen Fachschule Gie\u00dfh\u00fcbel abgeschlossen, wo ich auch die Ausbildung zur Kinderbetreuerin absolviert habe. Seit kurzem bin ich bei der Nachmittagsbetreuung an der Volksschule P\u00f6ggstall t\u00e4tig.<br>Die Arbeit mit Kindern bereitet mir sehr viel Freude. Ich spiele und bastle sehr gerne mit den Kindern. Es ist mir wichtig, den Kindern einen sch\u00f6nen und abwechslungsreichen Nachmittag zu gestalten, an dem sie sich wohlf\u00fchlen und kreativ sein k\u00f6nnen.<\/p>\n<\/div>\n<\/div>\n\n\n\n<hr class=\"wp-block-separator is-style-wide\"\/>\n\n\n\n<figure class=\"wp-block-image size-large\"><img loading=\"lazy\" width=\"1024\" height=\"739\" src=\"http:\/\/www.vs.poeggstall.at\/vs\/wp-content\/uploads\/2025\/12\/\u00a9Nami-Vs-Poeggstall-25-3339-1024x739.jpg\" alt=\"\" class=\"wp-image-13981\" srcset=\"http:\/\/www.vs.poeggstall.at\/vs\/wp-content\/uploads\/2025\/12\/\u00a9Nami-Vs-Poeggstall-25-3339-1024x739.jpg 1024w, http:\/\/www.vs.poeggstall.at\/vs\/wp-content\/uploads\/2025\/12\/\u00a9Nami-Vs-Poeggstall-25-3339-300x217.jpg 300w, http:\/\/www.vs.poeggstall.at\/vs\/wp-content\/uploads\/2025\/12\/\u00a9Nami-Vs-Poeggstall-25-3339-768x555.jpg 768w, http:\/\/www.vs.poeggstall.at\/vs\/wp-content\/uploads\/2025\/12\/\u00a9Nami-Vs-Poeggstall-25-3339-1536x1109.jpg 1536w, http:\/\/www.vs.poeggstall.at\/vs\/wp-content\/uploads\/2025\/12\/\u00a9Nami-Vs-Poeggstall-25-3339-2048x1479.jpg 2048w\" sizes=\"(max-width: 1024px) 100vw, 1024px\" \/><\/figure>\n\n\n\n<p class=\"has-text-align-center\" style=\"font-size:22px\"><strong>NAMI Gruppe<\/strong><\/p>\n\n\n\n<hr class=\"wp-block-separator is-style-wide\"\/>\n\n\n\n<h2>September 2025<\/h2>\n\n\n\n<figure class=\"wp-block-gallery columns-3 is-cropped\"><ul class=\"blocks-gallery-grid\"><li class=\"blocks-gallery-item\"><figure><a href=\"http:\/\/www.vs.poeggstall.at\/vs\/wp-content\/uploads\/2025\/10\/WhatsApp-Image-2025-10-15-at-18.09.42-2.jpeg\"><img loading=\"lazy\" width=\"768\" height=\"1024\" src=\"http:\/\/www.vs.poeggstall.at\/vs\/wp-content\/uploads\/2025\/10\/WhatsApp-Image-2025-10-15-at-18.09.42-2-768x1024.jpeg\" alt=\"\" data-id=\"13627\" data-full-url=\"http:\/\/www.vs.poeggstall.at\/vs\/wp-content\/uploads\/2025\/10\/WhatsApp-Image-2025-10-15-at-18.09.42-2.jpeg\" data-link=\"http:\/\/www.vs.poeggstall.at\/vs\/nami-3\/whatsapp-image-2025-10-15-at-18-09-42-2\/\" class=\"wp-image-13627\" srcset=\"http:\/\/www.vs.poeggstall.at\/vs\/wp-content\/uploads\/2025\/10\/WhatsApp-Image-2025-10-15-at-18.09.42-2-768x1024.jpeg 768w, http:\/\/www.vs.poeggstall.at\/vs\/wp-content\/uploads\/2025\/10\/WhatsApp-Image-2025-10-15-at-18.09.42-2-225x300.jpeg 225w, http:\/\/www.vs.poeggstall.at\/vs\/wp-content\/uploads\/2025\/10\/WhatsApp-Image-2025-10-15-at-18.09.42-2-1152x1536.jpeg 1152w, http:\/\/www.vs.poeggstall.at\/vs\/wp-content\/uploads\/2025\/10\/WhatsApp-Image-2025-10-15-at-18.09.42-2.jpeg 1536w\" sizes=\"(max-width: 768px) 100vw, 768px\" \/><\/a><\/figure><\/li><li class=\"blocks-gallery-item\"><figure><a href=\"http:\/\/www.vs.poeggstall.at\/vs\/wp-content\/uploads\/2025\/10\/WhatsApp-Image-2025-10-15-at-18.09.42-1.jpeg\"><img loading=\"lazy\" width=\"576\" height=\"1024\" src=\"http:\/\/www.vs.poeggstall.at\/vs\/wp-content\/uploads\/2025\/10\/WhatsApp-Image-2025-10-15-at-18.09.42-1-576x1024.jpeg\" alt=\"\" data-id=\"13629\" data-full-url=\"http:\/\/www.vs.poeggstall.at\/vs\/wp-content\/uploads\/2025\/10\/WhatsApp-Image-2025-10-15-at-18.09.42-1.jpeg\" data-link=\"http:\/\/www.vs.poeggstall.at\/vs\/nami-3\/whatsapp-image-2025-10-15-at-18-09-42-1\/\" class=\"wp-image-13629\" srcset=\"http:\/\/www.vs.poeggstall.at\/vs\/wp-content\/uploads\/2025\/10\/WhatsApp-Image-2025-10-15-at-18.09.42-1-576x1024.jpeg 576w, http:\/\/www.vs.poeggstall.at\/vs\/wp-content\/uploads\/2025\/10\/WhatsApp-Image-2025-10-15-at-18.09.42-1-169x300.jpeg 169w, http:\/\/www.vs.poeggstall.at\/vs\/wp-content\/uploads\/2025\/10\/WhatsApp-Image-2025-10-15-at-18.09.42-1-768x1365.jpeg 768w, http:\/\/www.vs.poeggstall.at\/vs\/wp-content\/uploads\/2025\/10\/WhatsApp-Image-2025-10-15-at-18.09.42-1-864x1536.jpeg 864w, http:\/\/www.vs.poeggstall.at\/vs\/wp-content\/uploads\/2025\/10\/WhatsApp-Image-2025-10-15-at-18.09.42-1.jpeg 1008w\" sizes=\"(max-width: 576px) 100vw, 576px\" \/><\/a><\/figure><\/li><li class=\"blocks-gallery-item\"><figure><a href=\"http:\/\/www.vs.poeggstall.at\/vs\/wp-content\/uploads\/2025\/10\/WhatsApp-Image-2025-10-15-at-18.09.42.jpeg\"><img loading=\"lazy\" width=\"768\" height=\"1024\" src=\"http:\/\/www.vs.poeggstall.at\/vs\/wp-content\/uploads\/2025\/10\/WhatsApp-Image-2025-10-15-at-18.09.42-768x1024.jpeg\" alt=\"\" data-id=\"13631\" data-full-url=\"http:\/\/www.vs.poeggstall.at\/vs\/wp-content\/uploads\/2025\/10\/WhatsApp-Image-2025-10-15-at-18.09.42.jpeg\" data-link=\"http:\/\/www.vs.poeggstall.at\/vs\/nami-3\/whatsapp-image-2025-10-15-at-18-09-42\/\" class=\"wp-image-13631\" srcset=\"http:\/\/www.vs.poeggstall.at\/vs\/wp-content\/uploads\/2025\/10\/WhatsApp-Image-2025-10-15-at-18.09.42-768x1024.jpeg 768w, http:\/\/www.vs.poeggstall.at\/vs\/wp-content\/uploads\/2025\/10\/WhatsApp-Image-2025-10-15-at-18.09.42-225x300.jpeg 225w, http:\/\/www.vs.poeggstall.at\/vs\/wp-content\/uploads\/2025\/10\/WhatsApp-Image-2025-10-15-at-18.09.42-1152x1536.jpeg 1152w, http:\/\/www.vs.poeggstall.at\/vs\/wp-content\/uploads\/2025\/10\/WhatsApp-Image-2025-10-15-at-18.09.42.jpeg 1536w\" sizes=\"(max-width: 768px) 100vw, 768px\" \/><\/a><\/figure><\/li><\/ul><\/figure>\n\n\n\n<hr class=\"wp-block-separator is-style-wide\"\/>\n","protected":false},"excerpt":{"rendered":"<p>Die Nachmittagsbetreuung der VS P\u00f6ggstall stellt sich vor&#8230; Ich hei\u00dfe Anna P\u00f6cksteiner, bin 18 Jahre alt und komme aus St. Oswald. Meine Schulausbildung habe ich an der Landwirtschaftlichen Fachschule Gie\u00dfh\u00fcbel abgeschlossen, wo ich auch die Ausbildung zur Kinderbetreuerin absolviert habe. &hellip; <a href=\"http:\/\/www.vs.poeggstall.at\/vs\/nami-3\/\">Weiter<\/a><\/p>\n","protected":false},"author":3,"featured_media":0,"parent":0,"menu_order":0,"comment_status":"closed","ping_status":"closed","template":"","meta":[],"yoast_head":"<!-- This site is optimized with the Yoast SEO plugin v16.2 - https:\/\/yoast.com\/wordpress\/plugins\/seo\/ -->\n<title>NAMI - Volksschule P\u00f6ggstall<\/title>\n<meta name=\"robots\" content=\"index, follow, max-snippet:-1, max-image-preview:large, max-video-preview:-1\" \/>\n<link rel=\"canonical\" href=\"http:\/\/www.vs.poeggstall.at\/vs\/nami-3\/\" \/>\n<meta property=\"og:locale\" content=\"de_DE\" \/>\n<meta property=\"og:type\" content=\"article\" \/>\n<meta property=\"og:title\" content=\"NAMI - Volksschule P\u00f6ggstall\" \/>\n<meta property=\"og:description\" content=\"Die Nachmittagsbetreuung der VS P\u00f6ggstall stellt sich vor&#8230; Ich hei\u00dfe Anna P\u00f6cksteiner, bin 18 Jahre alt und komme aus St. Oswald. Meine Schulausbildung habe ich an der Landwirtschaftlichen Fachschule Gie\u00dfh\u00fcbel abgeschlossen, wo ich auch die Ausbildung zur Kinderbetreuerin absolviert habe. &hellip; Weiter\" \/>\n<meta property=\"og:url\" content=\"http:\/\/www.vs.poeggstall.at\/vs\/nami-3\/\" \/>\n<meta property=\"og:site_name\" content=\"Volksschule P\u00f6ggstall\" \/>\n<meta property=\"article:modified_time\" content=\"2025-12-21T21:51:39+00:00\" \/>\n<meta property=\"og:image\" content=\"http:\/\/www.vs.poeggstall.at\/vs\/wp-content\/uploads\/2025\/10\/WhatsApp-Image-2025-10-17-at-11.27.44-2.jpeg\" \/>\n<meta name=\"twitter:card\" content=\"summary\" \/>\n<meta name=\"twitter:label1\" content=\"Gesch\u00e4tzte Lesezeit\">\n\t<meta name=\"twitter:data1\" content=\"2\u00a0Minuten\">\n<script type=\"application\/ld+json\" class=\"yoast-schema-graph\">{\"@context\":\"https:\/\/schema.org\",\"@graph\":[{\"@type\":\"WebSite\",\"@id\":\"http:\/\/www.vs.poeggstall.at\/vs\/#website\",\"url\":\"http:\/\/www.vs.poeggstall.at\/vs\/\",\"name\":\"Volksschule P\\u00f6ggstall\",\"description\":\"zukunftsorientierte Volksschule im Waldviertel\",\"potentialAction\":[{\"@type\":\"SearchAction\",\"target\":\"http:\/\/www.vs.poeggstall.at\/vs\/?s={search_term_string}\",\"query-input\":\"required name=search_term_string\"}],\"inLanguage\":\"de\"},{\"@type\":\"ImageObject\",\"@id\":\"http:\/\/www.vs.poeggstall.at\/vs\/nami-3\/#primaryimage\",\"inLanguage\":\"de\",\"url\":\"http:\/\/www.vs.poeggstall.at\/vs\/wp-content\/uploads\/2025\/10\/WhatsApp-Image-2025-10-17-at-11.27.44-2.jpeg\",\"contentUrl\":\"http:\/\/www.vs.poeggstall.at\/vs\/wp-content\/uploads\/2025\/10\/WhatsApp-Image-2025-10-17-at-11.27.44-2.jpeg\",\"width\":236,\"height\":313},{\"@type\":\"WebPage\",\"@id\":\"http:\/\/www.vs.poeggstall.at\/vs\/nami-3\/#webpage\",\"url\":\"http:\/\/www.vs.poeggstall.at\/vs\/nami-3\/\",\"name\":\"NAMI - Volksschule P\\u00f6ggstall\",\"isPartOf\":{\"@id\":\"http:\/\/www.vs.poeggstall.at\/vs\/#website\"},\"primaryImageOfPage\":{\"@id\":\"http:\/\/www.vs.poeggstall.at\/vs\/nami-3\/#primaryimage\"},\"datePublished\":\"2025-10-17T10:56:50+00:00\",\"dateModified\":\"2025-12-21T21:51:39+00:00\",\"breadcrumb\":{\"@id\":\"http:\/\/www.vs.poeggstall.at\/vs\/nami-3\/#breadcrumb\"},\"inLanguage\":\"de\",\"potentialAction\":[{\"@type\":\"ReadAction\",\"target\":[\"http:\/\/www.vs.poeggstall.at\/vs\/nami-3\/\"]}]},{\"@type\":\"BreadcrumbList\",\"@id\":\"http:\/\/www.vs.poeggstall.at\/vs\/nami-3\/#breadcrumb\",\"itemListElement\":[{\"@type\":\"ListItem\",\"position\":1,\"item\":{\"@type\":\"WebPage\",\"@id\":\"http:\/\/www.vs.poeggstall.at\/vs\/\",\"url\":\"http:\/\/www.vs.poeggstall.at\/vs\/\",\"name\":\"Startseite\"}},{\"@type\":\"ListItem\",\"position\":2,\"item\":{\"@id\":\"http:\/\/www.vs.poeggstall.at\/vs\/nami-3\/#webpage\"}}]}]}<\/script>\n<!-- \/ Yoast SEO plugin. -->","_links":{"self":[{"href":"http:\/\/www.vs.poeggstall.at\/vs\/wp-json\/wp\/v2\/pages\/13611"}],"collection":[{"href":"http:\/\/www.vs.poeggstall.at\/vs\/wp-json\/wp\/v2\/pages"}],"about":[{"href":"http:\/\/www.vs.poeggstall.at\/vs\/wp-json\/wp\/v2\/types\/page"}],"author":[{"embeddable":true,"href":"http:\/\/www.vs.poeggstall.at\/vs\/wp-json\/wp\/v2\/users\/3"}],"replies":[{"embeddable":true,"href":"http:\/\/www.vs.poeggstall.at\/vs\/wp-json\/wp\/v2\/comments?post=13611"}],"version-history":[{"count":5,"href":"http:\/\/www.vs.poeggstall.at\/vs\/wp-json\/wp\/v2\/pages\/13611\/revisions"}],"predecessor-version":[{"id":13985,"href":"http:\/\/www.vs.poeggstall.at\/vs\/wp-json\/wp\/v2\/pages\/13611\/revisions\/13985"}],"wp:attachment":[{"href":"http:\/\/www.vs.poeggstall.at\/vs\/wp-json\/wp\/v2\/media?parent=13611"}],"curies":[{"name":"wp","href":"https:\/\/api.w.org\/{rel}","templated":true}]}}