{"id":12817,"date":"2025-03-19T20:20:27","date_gmt":"2025-03-19T19:20:27","guid":{"rendered":"http:\/\/www.vs.poeggstall.at\/vs\/?page_id=12817"},"modified":"2025-05-27T09:42:04","modified_gmt":"2025-05-27T07:42:04","slug":"leitbild","status":"publish","type":"page","link":"http:\/\/www.vs.poeggstall.at\/vs\/leitbild\/","title":{"rendered":"Leitbild"},"content":{"rendered":"\n<p style=\"font-size:56px\">Leitbild<\/p>\n\n\n\n<p style=\"font-size:22px\">Die Schule ist ein pr\u00e4gender Begegnungsort unter den Gleichaltrigen. Deswegen legen wir in unserer Schule ein besonderes Augenmerk auf Freundlichkeit, Hilfsbereitschaft und Empathie. Bei uns geht es nicht nur um die Vermittlung von Wissen, sondern auch um das Entdecken der einzelnen F\u00e4higkeiten, Interessen und Vorlieben der Kinder.<\/p>\n\n\n\n<p><\/p>\n\n\n\n<p><\/p>\n\n\n\n<p><\/p>\n\n\n\n<p style=\"font-size:22px\"><strong>Folgendes macht unsere Schule aus:<\/strong><\/p>\n\n\n\n<p><\/p>\n\n\n\n<ul style=\"font-size:22px\"><li>Kreativit\u00e4tsf\u00f6rderung<\/li><\/ul>\n\n\n\n<ul style=\"font-size:22px\"><li>F\u00f6rderung der individuellen Interessen und Talente (Ateliertage, Freigegenst\u00e4nde)<\/li><\/ul>\n\n\n\n<ul style=\"font-size:22px\"><li>Soziales Miteinander<\/li><\/ul>\n\n\n\n<ul style=\"font-size:22px\"><li>Wertsch\u00e4tzender und respektvoller Umgang miteinander und untereinander<\/li><\/ul>\n\n\n\n<ul style=\"font-size:22px\"><li>Aufbau von Empathie<\/li><\/ul>\n\n\n\n<ul style=\"font-size:22px\"><li>Differenzierung unter den Kindern<\/li><\/ul>\n\n\n\n<ul style=\"font-size:22px\"><li>Begabungen entdecken und aufgreifen<\/li><\/ul>\n\n\n\n<ul style=\"font-size:22px\"><li>Erstes Arbeiten und Kennenlernen der digitalen Medien<\/li><\/ul>\n\n\n\n<ul style=\"font-size:22px\"><li>Akzeptanz, Ber\u00fccksichtigung und Wahrnehmung der einzelnen Vielfalten und Pers\u00f6nlichkeiten<\/li><\/ul>\n\n\n\n<ul style=\"font-size:22px\"><li>Schule als Wohlf\u00fchlort mit einer angenehmen Lernatmosph\u00e4re<\/li><\/ul>\n\n\n\n<ul style=\"font-size:22px\"><li>Offenes und freies Lernen<\/li><\/ul>\n\n\n\n<ul style=\"font-size:22px\"><li>Weitergabe von Wissen und Werten<\/li><\/ul>\n\n\n\n<ul style=\"font-size:22px\"><li>Vielf\u00e4ltige Bewegungsm\u00f6glichkeiten in jeder gro\u00dfen Pause an der frischen Luft<\/li><\/ul>\n\n\n\n<ul style=\"font-size:22px\"><li>Sportliche Schwerpunkte (Schwimmtage, Schitag, Eislaufen, Laufolympiade, \u2026)<\/li><\/ul>\n\n\n\n<ul style=\"font-size:22px\"><li>Freundliche Umgangsformen<\/li><\/ul>\n","protected":false},"excerpt":{"rendered":"<p>Leitbild Die Schule ist ein pr\u00e4gender Begegnungsort unter den Gleichaltrigen. Deswegen legen wir in unserer Schule ein besonderes Augenmerk auf Freundlichkeit, Hilfsbereitschaft und Empathie. Bei uns geht es nicht nur um die Vermittlung von Wissen, sondern auch um das Entdecken &hellip; <a href=\"http:\/\/www.vs.poeggstall.at\/vs\/leitbild\/\">Weiter<\/a><\/p>\n","protected":false},"author":3,"featured_media":0,"parent":0,"menu_order":0,"comment_status":"closed","ping_status":"closed","template":"","meta":[],"yoast_head":"<!-- This site is optimized with the Yoast SEO plugin v16.2 - https:\/\/yoast.com\/wordpress\/plugins\/seo\/ -->\n<title>Leitbild - Volksschule P\u00f6ggstall<\/title>\n<meta name=\"robots\" content=\"index, follow, max-snippet:-1, max-image-preview:large, max-video-preview:-1\" \/>\n<link rel=\"canonical\" href=\"http:\/\/www.vs.poeggstall.at\/vs\/leitbild\/\" \/>\n<meta property=\"og:locale\" content=\"de_DE\" \/>\n<meta property=\"og:type\" content=\"article\" \/>\n<meta property=\"og:title\" content=\"Leitbild - Volksschule P\u00f6ggstall\" \/>\n<meta property=\"og:description\" content=\"Leitbild Die Schule ist ein pr\u00e4gender Begegnungsort unter den Gleichaltrigen. Deswegen legen wir in unserer Schule ein besonderes Augenmerk auf Freundlichkeit, Hilfsbereitschaft und Empathie. Bei uns geht es nicht nur um die Vermittlung von Wissen, sondern auch um das Entdecken &hellip; Weiter\" \/>\n<meta property=\"og:url\" content=\"http:\/\/www.vs.poeggstall.at\/vs\/leitbild\/\" \/>\n<meta property=\"og:site_name\" content=\"Volksschule P\u00f6ggstall\" \/>\n<meta property=\"article:modified_time\" content=\"2025-05-27T07:42:04+00:00\" \/>\n<meta name=\"twitter:card\" content=\"summary\" \/>\n<meta name=\"twitter:label1\" content=\"Gesch\u00e4tzte Lesezeit\">\n\t<meta name=\"twitter:data1\" content=\"1\u00a0Minute\">\n<script type=\"application\/ld+json\" class=\"yoast-schema-graph\">{\"@context\":\"https:\/\/schema.org\",\"@graph\":[{\"@type\":\"WebSite\",\"@id\":\"http:\/\/www.vs.poeggstall.at\/vs\/#website\",\"url\":\"http:\/\/www.vs.poeggstall.at\/vs\/\",\"name\":\"Volksschule P\\u00f6ggstall\",\"description\":\"zukunftsorientierte Volksschule im Waldviertel\",\"potentialAction\":[{\"@type\":\"SearchAction\",\"target\":\"http:\/\/www.vs.poeggstall.at\/vs\/?s={search_term_string}\",\"query-input\":\"required name=search_term_string\"}],\"inLanguage\":\"de\"},{\"@type\":\"WebPage\",\"@id\":\"http:\/\/www.vs.poeggstall.at\/vs\/leitbild\/#webpage\",\"url\":\"http:\/\/www.vs.poeggstall.at\/vs\/leitbild\/\",\"name\":\"Leitbild - Volksschule P\\u00f6ggstall\",\"isPartOf\":{\"@id\":\"http:\/\/www.vs.poeggstall.at\/vs\/#website\"},\"datePublished\":\"2025-03-19T19:20:27+00:00\",\"dateModified\":\"2025-05-27T07:42:04+00:00\",\"breadcrumb\":{\"@id\":\"http:\/\/www.vs.poeggstall.at\/vs\/leitbild\/#breadcrumb\"},\"inLanguage\":\"de\",\"potentialAction\":[{\"@type\":\"ReadAction\",\"target\":[\"http:\/\/www.vs.poeggstall.at\/vs\/leitbild\/\"]}]},{\"@type\":\"BreadcrumbList\",\"@id\":\"http:\/\/www.vs.poeggstall.at\/vs\/leitbild\/#breadcrumb\",\"itemListElement\":[{\"@type\":\"ListItem\",\"position\":1,\"item\":{\"@type\":\"WebPage\",\"@id\":\"http:\/\/www.vs.poeggstall.at\/vs\/\",\"url\":\"http:\/\/www.vs.poeggstall.at\/vs\/\",\"name\":\"Startseite\"}},{\"@type\":\"ListItem\",\"position\":2,\"item\":{\"@id\":\"http:\/\/www.vs.poeggstall.at\/vs\/leitbild\/#webpage\"}}]}]}<\/script>\n<!-- \/ Yoast SEO plugin. -->","_links":{"self":[{"href":"http:\/\/www.vs.poeggstall.at\/vs\/wp-json\/wp\/v2\/pages\/12817"}],"collection":[{"href":"http:\/\/www.vs.poeggstall.at\/vs\/wp-json\/wp\/v2\/pages"}],"about":[{"href":"http:\/\/www.vs.poeggstall.at\/vs\/wp-json\/wp\/v2\/types\/page"}],"author":[{"embeddable":true,"href":"http:\/\/www.vs.poeggstall.at\/vs\/wp-json\/wp\/v2\/users\/3"}],"replies":[{"embeddable":true,"href":"http:\/\/www.vs.poeggstall.at\/vs\/wp-json\/wp\/v2\/comments?post=12817"}],"version-history":[{"count":5,"href":"http:\/\/www.vs.poeggstall.at\/vs\/wp-json\/wp\/v2\/pages\/12817\/revisions"}],"predecessor-version":[{"id":13173,"href":"http:\/\/www.vs.poeggstall.at\/vs\/wp-json\/wp\/v2\/pages\/12817\/revisions\/13173"}],"wp:attachment":[{"href":"http:\/\/www.vs.poeggstall.at\/vs\/wp-json\/wp\/v2\/media?parent=12817"}],"curies":[{"name":"wp","href":"https:\/\/api.w.org\/{rel}","templated":true}]}}